{"id":1594,"date":"2019-11-08T11:22:20","date_gmt":"2019-11-08T10:22:20","guid":{"rendered":"http:\/\/maisondelaphilo-romainville.org\/?page_id=1594"},"modified":"2025-10-22T17:43:07","modified_gmt":"2025-10-22T15:43:07","slug":"la-formation-a-la-pratique-de-la-philosophie-pour-enfants-et-adolescents","status":"publish","type":"page","link":"https:\/\/maisondelaphilo-romainville.org\/?page_id=1594","title":{"rendered":"Formations"},"content":{"rendered":"<div class=\"wp-block-image\">\n<figure class=\"aligncenter size-large\"><img loading=\"lazy\" decoding=\"async\" width=\"1024\" height=\"451\" src=\"https:\/\/maisondelaphilo-romainville.org\/wp-content\/uploads\/2024\/07\/Logo-formations-1024x451.png\" alt=\"\" class=\"wp-image-5480\" srcset=\"https:\/\/maisondelaphilo-romainville.org\/wp-content\/uploads\/2024\/07\/Logo-formations-1024x451.png 1024w, https:\/\/maisondelaphilo-romainville.org\/wp-content\/uploads\/2024\/07\/Logo-formations-300x132.png 300w, https:\/\/maisondelaphilo-romainville.org\/wp-content\/uploads\/2024\/07\/Logo-formations-768x338.png 768w, https:\/\/maisondelaphilo-romainville.org\/wp-content\/uploads\/2024\/07\/Logo-formations-1536x677.png 1536w, https:\/\/maisondelaphilo-romainville.org\/wp-content\/uploads\/2024\/07\/Logo-formations.png 1611w\" sizes=\"auto, (max-width: 1024px) 100vw, 1024px\" \/><\/figure><\/div>\n\n\n<p class=\"has-luminous-vivid-amber-background-color has-background\" style=\"font-size:25px\">La Maison de la Philo propose <strong>des formations gratuites <\/strong>\u00e0 la pratique de la philosophie et \u00e0 la mise en place d&#8217;ateliers pour les enfants et adolescents.<br>Ces formations sont dispens\u00e9es par Mme Johanna Hawken, responsable de la Maison de la Philo et docteure en Philosophie.<\/p>\n\n\n\n<div style=\"height:15px\" aria-hidden=\"true\" class=\"wp-block-spacer\"><\/div>\n\n\n\n<p class=\"has-text-align-center has-luminous-vivid-amber-background-color has-background\" style=\"font-size:25px\">Ces formations sont accessibles sous trois conditions : <br>&#8211; <span style=\"text-decoration: underline\">Exercer un m\u00e9tier <strong>dans le domaine de la jeunesse<\/strong><br><\/span>&#8211; <span style=\"text-decoration: underline\">Travailler sur<strong> le territoire de Seine-Saint-Denis<\/strong><\/span><br>&#8211; <span style=\"text-decoration: underline;\">S&#8217;engager \u00e0 <strong>animer des ateliers<\/strong> <strong>entre les 2 sessions<\/strong><\/span><\/p>\n\n\n\n<div style=\"height:15px\" aria-hidden=\"true\" class=\"wp-block-spacer\"><\/div>\n\n\n\n<p class=\"has-luminous-vivid-amber-background-color has-background\" style=\"font-size:25px\">Par ailleurs, <strong>l&#8217;\u00e9quipe de la Maison de la Philo est \u00e0 votre disposition pour tout conseil en vue de l&#8217;animation d&#8217;ateliers de Philosophie<\/strong><\/p>\n\n\n\n<div style=\"height:15px\" aria-hidden=\"true\" class=\"wp-block-spacer\"><\/div>\n\n\n\n<p class=\"has-luminous-vivid-amber-background-color has-background\" style=\"font-size:25px\">Pour tout renseignement, n&#8217;h\u00e9sitez pas \u00e0 nous contacter \u00e0 <a href=\"mailto:maisondelaphilo@ville-romainville.fr\">maisondelaphilo@ville-romainville.fr<\/a> ou au <strong>01 71 86 60 20<\/strong><\/p>\n\n\n\n<h1 class=\"wp-block-heading\">Cadre g\u00e9n\u00e9ral et conditions d\u2019inscription<\/h1>\n\n\n\n<p><strong>La formation est gratuite et ouverte aux<\/strong>&nbsp;<strong>acteur\u00b7rices de l\u2019\u00e9ducation et de la culture du d\u00e9partement de la Seine-Saint-Denis<\/strong>&nbsp;et prioritairement d\u2019Est Ensemble (enseignant\u00b7es, animateur\u00b7rices, \u00e9ducateur\u00b7rices sp\u00e9cialis\u00e9\u00b7es, psychologues, artistes, biblioth\u00e9caires, associations, etc.). L\u2019inscription se fait sous r\u00e9serve de validation par la responsable de la formation et des places disponibles (vingt-cinq places chaque ann\u00e9e). Elle s\u2019adresse \u00e0&nbsp;<strong>toute personne souhaitant initier une pratique de la philosophie avec des enfants \u00e2g\u00e9s de 5 \u00e0 16 ans<\/strong>.<\/p>\n\n\n\n<p>La formation est soutenue par l\u2019Universit\u00e9 de Nantes et la Chaire Unesco \u00ab Pratiques de la philosophie avec les enfants. Une base \u00e9ducative pour le dialogue interculturel et la transformation sociale \u00bb (d\u00e9tenue par Edwige Chirouter, ma\u00eetre de conf\u00e9rence HDR). La formation est d\u00e9livr\u00e9e par la responsable de la Maison de la Philo, Johanna Hawken, docteure en philosophie, praticienne et formatrice, charg\u00e9e d\u2019enseignement \u00e0 l\u2019Universit\u00e9, auteure de deux ouvrages :&nbsp;<em>1, 2, 3, Pensez ! Philosophons les enfants !<\/em>, \u00c9ditions Chronique Sociale, 2019 et&nbsp;<em>La philo pour enfants expliqu\u00e9e aux adultes<\/em>, \u00e9ditions Temps pr\u00e9sent, 2019.<\/p>\n\n\n\n<p>La formation vise un accompagnement individuel de chaque participant\u00b7e : conseils, observations, supports, suivi quotidien pour la construction des ateliers philosophiques. Elle peut \u00eatre approfondie par la possibilit\u00e9 de participation \u00e0 des&nbsp;<strong>r\u00e9unions mensuelles d\u00e9di\u00e9es \u00e0 la pratique de la philosophie pour enfants (un jeudi par mois, de 18h \u00e0 21h)<\/strong>.<\/p>\n\n\n\n<p><mark><strong>Les objectifs de la formation<\/strong>&nbsp;:<\/mark><\/p>\n\n\n\n<ul class=\"wp-block-list\">\n<li>D\u00e9couvrir l\u2019histoire et les principes fondant la pratique de la philosophie avec les enfants<\/li>\n\n\n\n<li>S\u2019approprier et exp\u00e9rimenter les m\u00e9thodes pour philosopher avec les enfants<\/li>\n\n\n\n<li>Constituer une pratique gr\u00e2ce \u00e0 la transmission d\u2019outils et de techniques p\u00e9dagogiques<\/li>\n\n\n\n<li>\u00catre capable d\u2019animer un atelier de philosophie avec des enfants\/adolescent\u00b7es (de 5 \u00e0 16 ans)<\/li>\n<\/ul>\n\n\n\n<p><strong>En un mot :<\/strong><\/p>\n\n\n\n<ul class=\"wp-block-list\">\n<li>25 professionnels de la Seine-Saint-Denis form\u00e9s chaque ann\u00e9e<\/li>\n\n\n\n<li><strong><mark>6 journ\u00e9es de d\u00e9couverte, d\u2019\u00e9changes et d\u2019exp\u00e9rimentation<\/mark><\/strong>&nbsp;:&nbsp;<strong>du&nbsp;22 au 24 octobre 2025&nbsp;et du&nbsp;23 au 25 f\u00e9vrier 2026.<\/strong><\/li>\n\n\n\n<li><strong><mark>Deux sessions de trois journ\u00e9es aux vacances d\u2019octobre et de f\u00e9vrier<\/mark><\/strong><\/li>\n\n\n\n<li>L\u2019occasion de d\u00e9couvrir une pratique p\u00e9dagogique radicalement innovante !<\/li>\n<\/ul>\n\n\n\n<p><strong>Pour participer \u00e0 la formation ou pour toute autre demande li\u00e9e \u00e0 cette derni\u00e8re, \u00e9crire un mail \u00e0 :<\/strong><\/p>\n\n\n\n<p class=\"has-text-align-center\"><em>Johanna Hawken<\/em><\/p>\n\n\n\n<p class=\"has-text-align-center\"><em>Responsable de la Maison de la Philo<\/em><\/p>\n\n\n\n<p class=\"has-text-align-center\"><em>jhaw@ville-romainville.fr<\/em><\/p>\n\n\n\n<div style=\"height:100px\" aria-hidden=\"true\" class=\"wp-block-spacer\"><\/div>\n\n\n\n<p>Ressources : <\/p>\n\n\n\n<div class=\"wp-block-file\"><a id=\"wp-block-file--media-d7c56274-3752-46ae-8230-cee6a966a014\" href=\"https:\/\/maisondelaphilo-romainville.org\/wp-content\/uploads\/2025\/10\/BiblioAlbumPhiloThemes-6-12ans.pdf\">Bibliographie albums philo par th\u00e8mes<\/a><a href=\"https:\/\/maisondelaphilo-romainville.org\/wp-content\/uploads\/2025\/10\/BiblioAlbumPhiloThemes-6-12ans.pdf\" class=\"wp-block-file__button wp-element-button\" download aria-describedby=\"wp-block-file--media-d7c56274-3752-46ae-8230-cee6a966a014\">T\u00e9l\u00e9charger<\/a><\/div>\n\n\n\n<p><\/p>\n","protected":false},"excerpt":{"rendered":"<p>La Maison de la Philo propose des formations gratuites \u00e0 la pratique de la philosophie et \u00e0 la mise en place d&#8217;ateliers pour les enfants et adolescents.Ces formations sont dispens\u00e9es par Mme Johanna Hawken, responsable de la Maison de la Philo et docteure en Philosophie. Ces formations sont accessibles sous trois conditions : &#8211; Exercer&hellip; <a href=\"https:\/\/maisondelaphilo-romainville.org\/?page_id=1594\" class=\"more-link\">Continue reading <span class=\"screen-reader-text\">Formations<\/span><\/a><\/p>\n","protected":false},"author":1,"featured_media":0,"parent":0,"menu_order":0,"comment_status":"closed","ping_status":"closed","template":"templates\/full-width-page.php","meta":{"iawp_total_views":1208,"footnotes":""},"class_list":["post-1594","page","type-page","status-publish","hentry","without-featured-image"],"aioseo_notices":[],"_links":{"self":[{"href":"https:\/\/maisondelaphilo-romainville.org\/index.php?rest_route=\/wp\/v2\/pages\/1594","targetHints":{"allow":["GET"]}}],"collection":[{"href":"https:\/\/maisondelaphilo-romainville.org\/index.php?rest_route=\/wp\/v2\/pages"}],"about":[{"href":"https:\/\/maisondelaphilo-romainville.org\/index.php?rest_route=\/wp\/v2\/types\/page"}],"author":[{"embeddable":true,"href":"https:\/\/maisondelaphilo-romainville.org\/index.php?rest_route=\/wp\/v2\/users\/1"}],"replies":[{"embeddable":true,"href":"https:\/\/maisondelaphilo-romainville.org\/index.php?rest_route=%2Fwp%2Fv2%2Fcomments&post=1594"}],"version-history":[{"count":9,"href":"https:\/\/maisondelaphilo-romainville.org\/index.php?rest_route=\/wp\/v2\/pages\/1594\/revisions"}],"predecessor-version":[{"id":6331,"href":"https:\/\/maisondelaphilo-romainville.org\/index.php?rest_route=\/wp\/v2\/pages\/1594\/revisions\/6331"}],"wp:attachment":[{"href":"https:\/\/maisondelaphilo-romainville.org\/index.php?rest_route=%2Fwp%2Fv2%2Fmedia&parent=1594"}],"curies":[{"name":"wp","href":"https:\/\/api.w.org\/{rel}","templated":true}]}}