{"id":2119,"date":"2020-09-09T15:04:23","date_gmt":"2020-09-09T14:04:23","guid":{"rendered":"https:\/\/maisondelaphiloromainvilledotorg.wordpress.com\/?page_id=2119"},"modified":"2025-09-05T14:45:18","modified_gmt":"2025-09-05T12:45:18","slug":"club-des-jeunes-penseurs-12-16-ans","status":"publish","type":"page","link":"https:\/\/maisondelaphilo-romainville.org\/?page_id=2119","title":{"rendered":"Club des Jeunes Penseurs (12-16 ans)"},"content":{"rendered":"\n<figure class=\"wp-block-image\"><a href=\"https:\/\/maisondelaphilo-romainville.org\/?page_id=4391#menu\"><img loading=\"lazy\" decoding=\"async\" width=\"1024\" height=\"528\" src=\"https:\/\/maisondelaphilo-romainville.org\/wp-content\/uploads\/2024\/07\/Logo-Club-Ados-1024x528.png\" alt=\"\" class=\"wp-image-5454\" srcset=\"https:\/\/maisondelaphilo-romainville.org\/wp-content\/uploads\/2024\/07\/Logo-Club-Ados-1024x528.png 1024w, https:\/\/maisondelaphilo-romainville.org\/wp-content\/uploads\/2024\/07\/Logo-Club-Ados-300x155.png 300w, https:\/\/maisondelaphilo-romainville.org\/wp-content\/uploads\/2024\/07\/Logo-Club-Ados-768x396.png 768w, https:\/\/maisondelaphilo-romainville.org\/wp-content\/uploads\/2024\/07\/Logo-Club-Ados.png 1283w\" sizes=\"auto, (max-width: 1024px) 100vw, 1024px\" \/><\/a><\/figure>\n\n\n\n<p class=\"has-medium-font-size\"><strong>Le monde, la soci\u00e9t\u00e9, les autres, soi-m\u00eame&nbsp;: toutes ces r\u00e9alit\u00e9s posent probl\u00e8me dans notre existence et nous questionnent encore plus quand on est adolescent&nbsp;! Il s\u2019agit du bon moment pour les aborder dans un club o\u00f9 l\u2019on prend le temps de discuter. Au Club des Jeunes Penseurs, on vient pour se retrouver, explorer sa pens\u00e9e, jouer avec ses id\u00e9es et avant tout s\u2019amuser&nbsp;! Ici, on s\u2019entra\u00eene \u00e0 bousculer les opinions toutes faites et \u00e0 se d\u00e9fendre des pr\u00e9jug\u00e9s. S\u2019exprimer librement sur ces grandes r\u00e9alit\u00e9s de notre monde, confronter ses id\u00e9es avec celles des autres, ouvrir son esprit\u2026 voil\u00e0 l\u2019ambition du Club des Jeunes Penseurs&nbsp;!<\/strong><\/p>\n\n\n\n<figure class=\"wp-block-image\"><img loading=\"lazy\" decoding=\"async\" width=\"640\" height=\"337\" src=\"https:\/\/maisondelaphilo-romainville.org\/wp-content\/uploads\/2024\/09\/cjp-3-1.jpg\" alt=\"\" class=\"wp-image-5661\" srcset=\"https:\/\/maisondelaphilo-romainville.org\/wp-content\/uploads\/2024\/09\/cjp-3-1.jpg 640w, https:\/\/maisondelaphilo-romainville.org\/wp-content\/uploads\/2024\/09\/cjp-3-1-300x158.jpg 300w\" sizes=\"auto, (max-width: 640px) 100vw, 640px\" \/><\/figure>\n\n\n\n<p class=\"has-medium-font-size\"><strong>En un mot :<\/strong><br><strong>\u2013 Un moment de d\u00e9tente au c\u0153ur du tourbillon de la vie des coll\u00e9giennes et coll\u00e9giens<br>\u2013&nbsp;Une opportunit\u00e9 pour porter sa voix et d\u00e9velopper son \u00e9loquence !<br>\u2013 Des ateliers consacr\u00e9s aux jeunes de 12 \u00e0 16 ans<\/strong><\/p>\n\n\n\n<p class=\"has-medium-font-size\"><strong>L\u2019atelier est gratuit et&nbsp;sur inscription&nbsp;en remplissant le formulaire ci-dessous, \u00e0 retourner \u00e0 l\u2019adresse<\/strong>&nbsp;<a href=\"mailto:maisondelaphilo@ville-romainville.fr\">maisondelaphilo@ville-romainville.fr<\/a>&nbsp;<strong>ou en pr\u00e9sentiel aux heures d\u2019ouvertures<\/strong>&nbsp;(du mardi au samedi de 14 heures \u00e0 18 heures)<\/p>\n\n\n\n<div class=\"wp-block-file aligncenter\"><a id=\"wp-block-file--media-1c990466-8576-4e92-bf9a-ba324fb924dd\" href=\"https:\/\/maisondelaphilo-romainville.org\/wp-content\/uploads\/2024\/09\/2024-25-Fiche-inscription-Club-des-Jeunes-Penseurs.pdf\" target=\"_blank\" rel=\"noreferrer noopener\"><strong>Fiche inscription Club des Jeunes Penseurs<\/strong><\/a><a href=\"https:\/\/maisondelaphilo-romainville.org\/wp-content\/uploads\/2024\/09\/2024-25-Fiche-inscription-Club-des-Jeunes-Penseurs.pdf\" class=\"wp-block-file__button wp-element-button\" download aria-describedby=\"wp-block-file--media-1c990466-8576-4e92-bf9a-ba324fb924dd\">T\u00e9l\u00e9charger<\/a><\/div>\n\n\n\n<p><\/p>\n","protected":false},"excerpt":{"rendered":"<p>Le monde, la soci\u00e9t\u00e9, les autres, soi-m\u00eame&nbsp;: toutes ces r\u00e9alit\u00e9s posent probl\u00e8me dans notre existence et nous questionnent encore plus quand on est adolescent&nbsp;! Il s\u2019agit du bon moment pour les aborder dans un club o\u00f9 l\u2019on prend le temps de discuter. Au Club des Jeunes Penseurs, on vient pour se retrouver, explorer sa pens\u00e9e,&hellip; <a href=\"https:\/\/maisondelaphilo-romainville.org\/?page_id=2119\" class=\"more-link\">Continue reading <span class=\"screen-reader-text\">Club des Jeunes Penseurs (12-16 ans)<\/span><\/a><\/p>\n","protected":false},"author":1,"featured_media":0,"parent":0,"menu_order":0,"comment_status":"closed","ping_status":"closed","template":"templates\/full-width-page.php","meta":{"iawp_total_views":104,"footnotes":""},"class_list":["post-2119","page","type-page","status-publish","hentry","without-featured-image"],"aioseo_notices":[],"_links":{"self":[{"href":"https:\/\/maisondelaphilo-romainville.org\/index.php?rest_route=\/wp\/v2\/pages\/2119","targetHints":{"allow":["GET"]}}],"collection":[{"href":"https:\/\/maisondelaphilo-romainville.org\/index.php?rest_route=\/wp\/v2\/pages"}],"about":[{"href":"https:\/\/maisondelaphilo-romainville.org\/index.php?rest_route=\/wp\/v2\/types\/page"}],"author":[{"embeddable":true,"href":"https:\/\/maisondelaphilo-romainville.org\/index.php?rest_route=\/wp\/v2\/users\/1"}],"replies":[{"embeddable":true,"href":"https:\/\/maisondelaphilo-romainville.org\/index.php?rest_route=%2Fwp%2Fv2%2Fcomments&post=2119"}],"version-history":[{"count":4,"href":"https:\/\/maisondelaphilo-romainville.org\/index.php?rest_route=\/wp\/v2\/pages\/2119\/revisions"}],"predecessor-version":[{"id":6257,"href":"https:\/\/maisondelaphilo-romainville.org\/index.php?rest_route=\/wp\/v2\/pages\/2119\/revisions\/6257"}],"wp:attachment":[{"href":"https:\/\/maisondelaphilo-romainville.org\/index.php?rest_route=%2Fwp%2Fv2%2Fmedia&parent=2119"}],"curies":[{"name":"wp","href":"https:\/\/api.w.org\/{rel}","templated":true}]}}