{"id":4124,"date":"2023-09-07T13:39:43","date_gmt":"2023-09-07T11:39:43","guid":{"rendered":"https:\/\/maisondelaphiloromainvilledotorg.wordpress.com\/?page_id=4124"},"modified":"2024-12-17T11:35:06","modified_gmt":"2024-12-17T10:35:06","slug":"activites","status":"publish","type":"page","link":"https:\/\/maisondelaphilo-romainville.org\/?page_id=4124","title":{"rendered":"Nos activit\u00e9s"},"content":{"rendered":"\n<p class=\"has-luminous-vivid-amber-background-color has-background has-large-font-size\"><strong>L&#8217;ensemble des activit\u00e9s de la Maison de la Philo sont <mark style=\"background-color:rgba(0, 0, 0, 0)\" class=\"has-inline-color has-luminous-vivid-orange-color\"><span style=\"text-decoration: underline\">gratuites<\/span><\/mark>.<\/strong><\/p>\n\n\n\n<div class=\"wp-block-columns are-vertically-aligned-center is-layout-flex wp-container-core-columns-is-layout-9d6595d7 wp-block-columns-is-layout-flex\">\n<div class=\"wp-block-column is-vertically-aligned-center is-layout-flow wp-block-column-is-layout-flow\">\n<div class=\"wp-block-media-text is-stacked-on-mobile is-image-fill\" style=\"grid-template-columns:39% auto\"><figure class=\"wp-block-media-text__media\" style=\"background-image:url(https:\/\/maisondelaphilo-romainville.org\/wp-content\/uploads\/2024\/09\/ardoise.webp);background-position:50% 50%\"><a href=\"https:\/\/maisondelaphilo-romainville.org\/?page_id=4179\"><img loading=\"lazy\" decoding=\"async\" width=\"574\" height=\"1024\" src=\"https:\/\/maisondelaphilo-romainville.org\/wp-content\/uploads\/2024\/09\/ardoise.webp\" alt=\"\" class=\"wp-image-5651 size-full\" srcset=\"https:\/\/maisondelaphilo-romainville.org\/wp-content\/uploads\/2024\/09\/ardoise.webp 574w, https:\/\/maisondelaphilo-romainville.org\/wp-content\/uploads\/2024\/09\/ardoise-168x300.webp 168w\" sizes=\"auto, (max-width: 574px) 100vw, 574px\" \/><\/a><\/figure><div class=\"wp-block-media-text__content\">\n<p style=\"font-size:30px\"><a href=\"https:\/\/maisondelaphilo-romainville.org\/?page_id=4179\" title=\"\">Philo sur le pouce<\/a><\/p>\n<\/div><\/div>\n<\/div>\n\n\n\n<div class=\"wp-block-column is-vertically-aligned-center is-layout-flow wp-block-column-is-layout-flow\">\n<div class=\"wp-block-media-text is-stacked-on-mobile is-vertically-aligned-center is-image-fill\" style=\"grid-template-columns:44% auto\"><figure class=\"wp-block-media-text__media\" style=\"background-image:url(https:\/\/maisondelaphilo-romainville.org\/wp-content\/uploads\/2024\/09\/image-philo-sur-le-pouce.webp);background-position:50% 50%\"><a href=\"https:\/\/maisondelaphilo-romainville.org\/?page_id=4182\"><img loading=\"lazy\" decoding=\"async\" width=\"535\" height=\"358\" src=\"https:\/\/maisondelaphilo-romainville.org\/wp-content\/uploads\/2024\/09\/image-philo-sur-le-pouce.webp\" alt=\"\" class=\"wp-image-5650 size-full\" srcset=\"https:\/\/maisondelaphilo-romainville.org\/wp-content\/uploads\/2024\/09\/image-philo-sur-le-pouce.webp 535w, https:\/\/maisondelaphilo-romainville.org\/wp-content\/uploads\/2024\/09\/image-philo-sur-le-pouce-300x201.webp 300w, https:\/\/maisondelaphilo-romainville.org\/wp-content\/uploads\/2024\/09\/image-philo-sur-le-pouce-360x242.webp 360w\" sizes=\"auto, (max-width: 535px) 100vw, 535px\" \/><\/a><\/figure><div class=\"wp-block-media-text__content\">\n<p style=\"font-size:25px\"><a href=\"https:\/\/maisondelaphilo-romainville.org\/?page_id=4182\" title=\"\">Biblioth\u00e8que<\/a><\/p>\n<\/div><\/div>\n<\/div>\n<\/div>\n\n\n\n<div style=\"height:50px\" aria-hidden=\"true\" class=\"wp-block-spacer\"><\/div>\n\n\n\n<div class=\"wp-block-columns is-layout-flex wp-container-core-columns-is-layout-9d6595d7 wp-block-columns-is-layout-flex\">\n<div class=\"wp-block-column is-layout-flow wp-block-column-is-layout-flow\">\n<div class=\"wp-block-cover\"><span aria-hidden=\"true\" class=\"wp-block-cover__background has-black-background-color has-background-dim\"><\/span><img loading=\"lazy\" decoding=\"async\" width=\"734\" height=\"407\" class=\"wp-block-cover__image-background wp-image-5642\" alt=\"\" src=\"https:\/\/maisondelaphilo-romainville.org\/wp-content\/uploads\/2024\/09\/cropped-capturerdvptitsphilosophes.webp\" data-object-fit=\"cover\" srcset=\"https:\/\/maisondelaphilo-romainville.org\/wp-content\/uploads\/2024\/09\/cropped-capturerdvptitsphilosophes.webp 734w, https:\/\/maisondelaphilo-romainville.org\/wp-content\/uploads\/2024\/09\/cropped-capturerdvptitsphilosophes-300x166.webp 300w\" sizes=\"auto, (max-width: 734px) 100vw, 734px\" \/><div class=\"wp-block-cover__inner-container is-layout-flow wp-block-cover-is-layout-flow\">\n<p class=\"has-text-align-center has-white-color has-text-color has-link-color has-large-font-size wp-elements-e124a29b008f5b1e88b3227fca7ee201\"><a href=\"https:\/\/maisondelaphilo-romainville.org\/?page_id=4176\">Ateliers de philo pour les enfants<\/a><\/p>\n<\/div><\/div>\n<\/div>\n\n\n\n<div class=\"wp-block-column is-layout-flow wp-block-column-is-layout-flow\">\n<div class=\"wp-block-cover\"><span aria-hidden=\"true\" class=\"wp-block-cover__background has-black-background-color has-background-dim\"><\/span><img loading=\"lazy\" decoding=\"async\" width=\"736\" height=\"631\" class=\"wp-block-cover__image-background wp-image-5644\" alt=\"\" src=\"https:\/\/maisondelaphilo-romainville.org\/wp-content\/uploads\/2024\/09\/fb_img_1662735567961.webp\" data-object-fit=\"cover\" srcset=\"https:\/\/maisondelaphilo-romainville.org\/wp-content\/uploads\/2024\/09\/fb_img_1662735567961.webp 736w, https:\/\/maisondelaphilo-romainville.org\/wp-content\/uploads\/2024\/09\/fb_img_1662735567961-300x257.webp 300w\" sizes=\"auto, (max-width: 736px) 100vw, 736px\" \/><div class=\"wp-block-cover__inner-container is-layout-flow wp-block-cover-is-layout-flow\">\n<p class=\"has-text-align-center has-white-color has-text-color has-link-color has-large-font-size wp-elements-96c29d88c6f03e30f0e8c2418bda2dd4\"><a href=\"https:\/\/maisondelaphilo-romainville.org\/?page_id=4391\">Ateliers de philo pour les ados<\/a><\/p>\n<\/div><\/div>\n<\/div>\n\n\n\n<div class=\"wp-block-column is-layout-flow wp-block-column-is-layout-flow\">\n<div class=\"wp-block-cover\"><span aria-hidden=\"true\" class=\"wp-block-cover__background has-black-background-color has-background-dim\"><\/span><img loading=\"lazy\" decoding=\"async\" width=\"566\" height=\"458\" class=\"wp-block-cover__image-background wp-image-5645\" alt=\"\" src=\"https:\/\/maisondelaphilo-romainville.org\/wp-content\/uploads\/2024\/09\/captureecranatelierretraitc3a9s-1.webp\" data-object-fit=\"cover\" srcset=\"https:\/\/maisondelaphilo-romainville.org\/wp-content\/uploads\/2024\/09\/captureecranatelierretraitc3a9s-1.webp 566w, https:\/\/maisondelaphilo-romainville.org\/wp-content\/uploads\/2024\/09\/captureecranatelierretraitc3a9s-1-300x243.webp 300w\" sizes=\"auto, (max-width: 566px) 100vw, 566px\" \/><div class=\"wp-block-cover__inner-container is-layout-flow wp-block-cover-is-layout-flow\">\n<p class=\"has-text-align-center has-white-color has-text-color has-link-color has-large-font-size wp-elements-79d2a319d065f061ced1da78baf21b71\"><a href=\"https:\/\/maisondelaphilo-romainville.org\/?page_id=4177\">Ateliers de philo pour les adultes<\/a><\/p>\n<\/div><\/div>\n<\/div>\n<\/div>\n\n\n\n<div style=\"height:61px\" aria-hidden=\"true\" class=\"wp-block-spacer\"><\/div>\n\n\n\n<div class=\"wp-block-cover\" style=\"min-height:259px;aspect-ratio:unset;\"><span aria-hidden=\"true\" class=\"wp-block-cover__background has-black-background-color has-background-dim\"><\/span><img loading=\"lazy\" decoding=\"async\" width=\"1180\" height=\"787\" class=\"wp-block-cover__image-background wp-image-5646\" alt=\"\" src=\"https:\/\/maisondelaphilo-romainville.org\/wp-content\/uploads\/2024\/09\/image.png\" data-object-fit=\"cover\" srcset=\"https:\/\/maisondelaphilo-romainville.org\/wp-content\/uploads\/2024\/09\/image.png 1180w, https:\/\/maisondelaphilo-romainville.org\/wp-content\/uploads\/2024\/09\/image-300x200.png 300w, https:\/\/maisondelaphilo-romainville.org\/wp-content\/uploads\/2024\/09\/image-1024x683.png 1024w, https:\/\/maisondelaphilo-romainville.org\/wp-content\/uploads\/2024\/09\/image-768x512.png 768w\" sizes=\"auto, (max-width: 1180px) 100vw, 1180px\" \/><div class=\"wp-block-cover__inner-container is-layout-flow wp-block-cover-is-layout-flow\">\n<p class=\"has-text-align-center has-white-color has-text-color has-link-color has-large-font-size wp-elements-ae52bf584fc023e507c56195348e85d9\"><a href=\"https:\/\/maisondelaphilo-romainville.org\/?page_id=4174\" title=\"\">Classes<\/a><\/p>\n<\/div><\/div>\n\n\n\n<div style=\"height:100px\" aria-hidden=\"true\" class=\"wp-block-spacer\"><\/div>\n\n\n\n<p class=\"has-luminous-vivid-amber-background-color has-background has-large-font-size\">Pour toute <strong>inscription<\/strong>, contactez nous par mail \u00e0 <a href=\"mailto:maisondelaphilo@ville-romainville.fr\">maisondelaphilo@ville-romainville.fr<\/a> ou bien par t\u00e9l\u00e9phone au <strong>01 71 86 60 20<\/strong><\/p>\n\n\n\n<div style=\"height:100px\" aria-hidden=\"true\" class=\"wp-block-spacer\"><\/div>\n\n\n\n<p class=\"has-text-align-center has-large-font-size\"><strong>Retrouvez le programme de l\u2019ann\u00e9e ici :<\/strong><\/p>\n\n\n\n<div class=\"wp-block-file aligncenter\"><a id=\"wp-block-file--media-b215e8cf-2887-4d48-a9fa-c4f271d2f094\" href=\"https:\/\/maisondelaphilo-romainville.org\/wp-content\/uploads\/2024\/08\/prog-maison-de-la-philo-2024-2025_Valid3.pdf\" target=\"_blank\" rel=\"noreferrer noopener\">programme maison de la philo 2024 2025<\/a><a href=\"https:\/\/maisondelaphilo-romainville.org\/wp-content\/uploads\/2024\/08\/prog-maison-de-la-philo-2024-2025_Valid3.pdf\" class=\"wp-block-file__button wp-element-button\" download aria-describedby=\"wp-block-file--media-b215e8cf-2887-4d48-a9fa-c4f271d2f094\">T\u00e9l\u00e9charger<\/a><\/div>\n","protected":false},"excerpt":{"rendered":"<p>L&#8217;ensemble des activit\u00e9s de la Maison de la Philo sont gratuites. Philo sur le pouce Biblioth\u00e8que Pour toute inscription, contactez nous par mail \u00e0 maisondelaphilo@ville-romainville.fr ou bien par t\u00e9l\u00e9phone au 01 71 86 60 20 Retrouvez le programme de l\u2019ann\u00e9e ici :<\/p>\n","protected":false},"author":1,"featured_media":0,"parent":0,"menu_order":0,"comment_status":"closed","ping_status":"closed","template":"templates\/full-width-page.php","meta":{"iawp_total_views":486,"footnotes":""},"class_list":["post-4124","page","type-page","status-publish","hentry","without-featured-image"],"aioseo_notices":[],"_links":{"self":[{"href":"https:\/\/maisondelaphilo-romainville.org\/index.php?rest_route=\/wp\/v2\/pages\/4124","targetHints":{"allow":["GET"]}}],"collection":[{"href":"https:\/\/maisondelaphilo-romainville.org\/index.php?rest_route=\/wp\/v2\/pages"}],"about":[{"href":"https:\/\/maisondelaphilo-romainville.org\/index.php?rest_route=\/wp\/v2\/types\/page"}],"author":[{"embeddable":true,"href":"https:\/\/maisondelaphilo-romainville.org\/index.php?rest_route=\/wp\/v2\/users\/1"}],"replies":[{"embeddable":true,"href":"https:\/\/maisondelaphilo-romainville.org\/index.php?rest_route=%2Fwp%2Fv2%2Fcomments&post=4124"}],"version-history":[{"count":13,"href":"https:\/\/maisondelaphilo-romainville.org\/index.php?rest_route=\/wp\/v2\/pages\/4124\/revisions"}],"predecessor-version":[{"id":5994,"href":"https:\/\/maisondelaphilo-romainville.org\/index.php?rest_route=\/wp\/v2\/pages\/4124\/revisions\/5994"}],"wp:attachment":[{"href":"https:\/\/maisondelaphilo-romainville.org\/index.php?rest_route=%2Fwp%2Fv2%2Fmedia&parent=4124"}],"curies":[{"name":"wp","href":"https:\/\/api.w.org\/{rel}","templated":true}]}}