{"id":4128,"date":"2023-09-07T13:39:45","date_gmt":"2023-09-07T11:39:45","guid":{"rendered":"https:\/\/maisondelaphiloromainvilledotorg.wordpress.com\/?page_id=4128"},"modified":"2025-09-03T09:36:16","modified_gmt":"2025-09-03T07:36:16","slug":"contact","status":"publish","type":"page","link":"https:\/\/maisondelaphilo-romainville.org\/?page_id=4128","title":{"rendered":"Contact"},"content":{"rendered":"\n<p class=\"has-large-font-size\">Pour toute information et\/ou inscription, n&#8217;h\u00e9sitez pas \u00e0 envoyer un mail \u00e0 :<br><a href=\"mailto:maisondelaphilo@ville-romainville.fr\">maisondelaphilo@ville-romainville.fr<\/a><\/p>\n\n\n\n<p class=\"has-large-font-size\">ou par t\u00e9l\u00e9phone au <strong><a href=\"tel:+33171866020\" title=\"\">01 71 86 60 20<\/a><\/strong><\/p>\n\n\n\n<div class=\"wp-block-group alignfull\"><div class=\"wp-block-group__inner-container is-layout-constrained wp-block-group-is-layout-constrained\">\n<div class=\"wp-block-columns alignfull is-not-stacked-on-mobile is-layout-flex wp-container-core-columns-is-layout-3058809c wp-block-columns-is-layout-flex\">\n<div class=\"wp-block-column is-vertically-aligned-top is-layout-flow wp-block-column-is-layout-flow\" style=\"flex-basis:66.66%\"><div id=\"wpgmza_map\" class=\"wpgmza_map\" data-settings='{\"id\":\"1\",\"map_title\":\"Maison de la Philo\",\"map_width\":\"100\",\"map_height\":\"400\",\"map_start_lat\":\"48.8850946\",\"map_start_lng\":\"2.4328951000000005\",\"map_start_location\":\"45.950464398418106,-109.81550500000003\",\"map_start_zoom\":\"15\",\"default_marker\":\"\",\"type\":\"0\",\"alignment\":\"4\",\"directions_enabled\":\"0\",\"styling_enabled\":\"0\",\"styling_json\":\"\",\"active\":\"0\",\"kml\":\"\",\"bicycle\":\"0\",\"traffic\":\"0\",\"dbox\":\"0\",\"dbox_width\":\"\",\"listmarkers\":\"0\",\"listmarkers_advanced\":\"0\",\"filterbycat\":\"0\",\"ugm_enabled\":\"0\",\"ugm_category_enabled\":\"0\",\"fusion\":\"\",\"map_width_type\":\"%\",\"map_height_type\":\"px\",\"mass_marker_support\":\"0\",\"ugm_access\":\"0\",\"order_markers_by\":\"0\",\"order_markers_choice\":\"0\",\"show_user_location\":\"0\",\"default_to\":\"\",\"other_settings\":{\"map_type\":1,\"sl_stroke_color\":\"\",\"sl_fill_color\":\"\",\"sl_stroke_opacity\":\"\",\"sl_fill_opacity\":\"\",\"transport_layer\":false,\"action\":\"wpgmza_save_map\",\"redirect_to\":\"\\\/wp-admin\\\/admin-post.php\",\"map_id\":\"1\",\"http_referer\":\"\\\/wp-admin\\\/admin.php?page=wp-google-maps-menu&amp;amp;action=edit&amp;amp;map_id=1\",\"wpgmza_id\":\"1\",\"wpgmza_start_location\":\"48.8850946,2.4328951000000005\",\"wpgmza_start_zoom\":\"15\",\"store_locator_enabled\":false,\"store_locator_search_area\":\"radial\",\"wpgmza_store_locator_radius_style\":\"legacy\",\"wpgmza_store_locator_default_radius\":\"10\",\"store_locator_auto_area_max_zoom\":\"\",\"store_locator_distance\":false,\"wpgmza_store_locator_position\":false,\"store_locator_show_distance\":false,\"store_locator_category\":false,\"wpgmza_store_locator_use_their_location\":false,\"wpgmza_store_locator_bounce\":false,\"wpgmza_sl_animation\":null,\"wpgmza_store_locator_hide_before_search\":false,\"store_locator_query_string\":\"\",\"store_locator_location_placeholder\":\"\",\"store_locator_default_address\":\"\",\"store_locator_name_search\":false,\"store_locator_name_string\":\"\",\"store_locator_not_found_message\":\"\",\"wpgmza_map_align\":\"1\",\"jump_to_nearest_marker_on_initialization\":false,\"automatically_pan_to_users_location\":false,\"override_users_location_zoom_level\":false,\"override_users_location_zoom_levels\":\"\",\"show_distance_from_location\":false,\"map_max_zoom\":\"21\",\"map_min_zoom\":\"0\",\"click_open_link\":false,\"fit_maps_bounds_to_markers\":false,\"fit_maps_bounds_to_markers_after_filtering\":false,\"hide_point_of_interest\":false,\"wpgmza_zoom_on_marker_click\":false,\"wpgmza_zoom_on_marker_click_slider\":\"\",\"close_infowindow_on_map_click\":false,\"disable_lightbox_images\":false,\"use_Raw_Jpeg_Coordinates\":false,\"disable_polygon_info_windows\":false,\"enable_marker_ratings\":false,\"only_load_markers_within_viewport\":false,\"iw_primary_color\":\"#000000\",\"iw_accent_color\":\"#000000\",\"iw_text_color\":\"#000000\",\"wpgmza_listmarkers_by\":\"0\",\"wpgmza_marker_listing_position\":false,\"zoom_level_on_marker_listing_override\":false,\"zoom_level_on_marker_listing_click\":\"\",\"marker_listing_disable_zoom\":false,\"datatable_no_result_message\":\"\",\"remove_search_box_datables\":false,\"dataTable_pagination_style\":null,\"datatable_search_string\":\"\",\"datatable_result_start\":\"\",\"datatable_result_of\":\"\",\"datatable_result_to\":\"\",\"datatable_result_total\":\"\",\"datatable_result_show\":\"\",\"datatable_result_entries\":\"\",\"wpgmza_savemap\":\"Enregistrer la carte \\u00bb\"}}' data-map-id='1' Data-maps-engine='open-layers' data-shortcode-attributes='{\"id\":\"1\"}' style=\"display:block; overflow:auto; width:100%; height:400px; float:left;\"><\/div><\/div>\n\n\n\n<div class=\"wp-block-column is-vertically-aligned-stretch is-layout-flow wp-block-column-is-layout-flow\" style=\"padding-top:var(--wp--preset--spacing--70);padding-right:var(--wp--preset--spacing--70);padding-bottom:var(--wp--preset--spacing--70);padding-left:var(--wp--preset--spacing--70);flex-basis:55%\">\n<h2 class=\"wp-block-heading has-text-align-center\" style=\"font-size:28px;font-style:normal;font-weight:700\">La Maison de la Philo<\/h2>\n\n\n\n<p class=\"has-text-align-center\" style=\"font-size:18px\">28 Avenue Paul Vaillant &#8211; Couturier, 93230 Romainville, France<\/p>\n\n\n\n<p class=\"has-text-align-center\" style=\"font-size:18px\">Mardi &#8211; Samedi<br>14h &#8211; 18h<\/p>\n<\/div>\n<\/div>\n<\/div><\/div>\n\n\n\n<p><\/p>\n\n\n\n<p>\u2013 Bus : lignes <strong>105<\/strong>, <strong>129 <\/strong>ou <strong>318<\/strong>, arr\u00eat <em><strong>Mairie de Romainville&nbsp;<\/strong><\/em><\/p>\n\n\n\n<p>\u2013 M\u00e9tro : ligne <strong>11<\/strong>, arr\u00eat&nbsp;<em><strong>Romainville &#8211; Carnot<\/strong><\/em><\/p>\n","protected":false},"excerpt":{"rendered":"<p>Pour toute information et\/ou inscription, n&#8217;h\u00e9sitez pas \u00e0 envoyer un mail \u00e0 :maisondelaphilo@ville-romainville.fr ou par t\u00e9l\u00e9phone au 01 71 86 60 20 La Maison de la Philo 28 Avenue Paul Vaillant &#8211; Couturier, 93230 Romainville, France Mardi &#8211; Samedi14h &#8211; 18h \u2013 Bus : lignes 105, 129 ou 318, arr\u00eat Mairie de Romainville&nbsp; \u2013 M\u00e9tro&hellip; <a href=\"https:\/\/maisondelaphilo-romainville.org\/?page_id=4128\" class=\"more-link\">Continue reading <span class=\"screen-reader-text\">Contact<\/span><\/a><\/p>\n","protected":false},"author":1,"featured_media":0,"parent":0,"menu_order":0,"comment_status":"closed","ping_status":"closed","template":"templates\/full-width-page.php","meta":{"iawp_total_views":1107,"footnotes":""},"class_list":["post-4128","page","type-page","status-publish","hentry","without-featured-image"],"aioseo_notices":[],"_links":{"self":[{"href":"https:\/\/maisondelaphilo-romainville.org\/index.php?rest_route=\/wp\/v2\/pages\/4128","targetHints":{"allow":["GET"]}}],"collection":[{"href":"https:\/\/maisondelaphilo-romainville.org\/index.php?rest_route=\/wp\/v2\/pages"}],"about":[{"href":"https:\/\/maisondelaphilo-romainville.org\/index.php?rest_route=\/wp\/v2\/types\/page"}],"author":[{"embeddable":true,"href":"https:\/\/maisondelaphilo-romainville.org\/index.php?rest_route=\/wp\/v2\/users\/1"}],"replies":[{"embeddable":true,"href":"https:\/\/maisondelaphilo-romainville.org\/index.php?rest_route=%2Fwp%2Fv2%2Fcomments&post=4128"}],"version-history":[{"count":17,"href":"https:\/\/maisondelaphilo-romainville.org\/index.php?rest_route=\/wp\/v2\/pages\/4128\/revisions"}],"predecessor-version":[{"id":6151,"href":"https:\/\/maisondelaphilo-romainville.org\/index.php?rest_route=\/wp\/v2\/pages\/4128\/revisions\/6151"}],"wp:attachment":[{"href":"https:\/\/maisondelaphilo-romainville.org\/index.php?rest_route=%2Fwp%2Fv2%2Fmedia&parent=4128"}],"curies":[{"name":"wp","href":"https:\/\/api.w.org\/{rel}","templated":true}]}}