{"id":4174,"date":"2023-09-07T13:39:50","date_gmt":"2023-09-07T11:39:50","guid":{"rendered":"https:\/\/maisondelaphiloromainvilledotorg.wordpress.com\/?page_id=4174"},"modified":"2024-12-17T11:37:57","modified_gmt":"2024-12-17T10:37:57","slug":"classes","status":"publish","type":"page","link":"https:\/\/maisondelaphilo-romainville.org\/?page_id=4174","title":{"rendered":"En classe"},"content":{"rendered":"\n<p class=\"has-luminous-vivid-amber-background-color has-background has-large-font-size\">La Maison de la Philo propose plusieurs interventions <strong>dans le cadre scolaire<\/strong> : <\/p>\n\n\n\n<div class=\"wp-block-media-text is-stacked-on-mobile is-image-fill\" style=\"grid-template-columns:44% auto\"><figure class=\"wp-block-media-text__media\" style=\"background-image:url(https:\/\/maisondelaphilo-romainville.org\/wp-content\/uploads\/2024\/09\/pexels-photo-8613059-683x1024.jpeg);background-position:50% 50%\"><a href=\"https:\/\/maisondelaphilo-romainville.org\/?page_id=4183\"><img loading=\"lazy\" decoding=\"async\" width=\"683\" height=\"1024\" src=\"https:\/\/maisondelaphilo-romainville.org\/wp-content\/uploads\/2024\/09\/pexels-photo-8613059-683x1024.jpeg\" alt=\"\" class=\"wp-image-5674 size-full\" srcset=\"https:\/\/maisondelaphilo-romainville.org\/wp-content\/uploads\/2024\/09\/pexels-photo-8613059-683x1024.jpeg 683w, https:\/\/maisondelaphilo-romainville.org\/wp-content\/uploads\/2024\/09\/pexels-photo-8613059-200x300.jpeg 200w, https:\/\/maisondelaphilo-romainville.org\/wp-content\/uploads\/2024\/09\/pexels-photo-8613059-768x1152.jpeg 768w, https:\/\/maisondelaphilo-romainville.org\/wp-content\/uploads\/2024\/09\/pexels-photo-8613059.jpeg 867w\" sizes=\"auto, (max-width: 683px) 100vw, 683px\" \/><\/a><\/figure><div class=\"wp-block-media-text__content\">\n<p class=\"has-text-align-center has-large-font-size\"><a href=\"https:\/\/maisondelaphilo-romainville.org\/?page_id=4183\" title=\"\"><strong>Classes Id\u00e9es\/Id\u00e9ecouvertes<br><\/strong>Ateliers de Philosophie \u00e0 destination des \u00e9coles et coll\u00e8ges de Romainville<\/a><\/p>\n<\/div><\/div>\n\n\n\n<div style=\"height:100px\" aria-hidden=\"true\" class=\"wp-block-spacer\"><\/div>\n\n\n\n<div class=\"wp-block-media-text is-stacked-on-mobile\" style=\"grid-template-columns:43% auto\"><figure class=\"wp-block-media-text__media\"><img loading=\"lazy\" decoding=\"async\" width=\"1024\" height=\"1024\" src=\"https:\/\/maisondelaphilo-romainville.org\/wp-content\/uploads\/2024\/11\/Colleges-Houel-et-Courbet-1024x1024.png\" alt=\"\" class=\"wp-image-5961 size-full\" srcset=\"https:\/\/maisondelaphilo-romainville.org\/wp-content\/uploads\/2024\/11\/Colleges-Houel-et-Courbet-1024x1024.png 1024w, https:\/\/maisondelaphilo-romainville.org\/wp-content\/uploads\/2024\/11\/Colleges-Houel-et-Courbet-300x300.png 300w, https:\/\/maisondelaphilo-romainville.org\/wp-content\/uploads\/2024\/11\/Colleges-Houel-et-Courbet-150x150.png 150w, https:\/\/maisondelaphilo-romainville.org\/wp-content\/uploads\/2024\/11\/Colleges-Houel-et-Courbet-768x768.png 768w, https:\/\/maisondelaphilo-romainville.org\/wp-content\/uploads\/2024\/11\/Colleges-Houel-et-Courbet-180x180.png 180w, https:\/\/maisondelaphilo-romainville.org\/wp-content\/uploads\/2024\/11\/Colleges-Houel-et-Courbet.png 1122w\" sizes=\"auto, (max-width: 1024px) 100vw, 1024px\" \/><\/figure><div class=\"wp-block-media-text__content\">\n<p class=\"has-text-align-center has-large-font-size\"><a href=\"https:\/\/maisondelaphilo-romainville.org\/?page_id=5978\" title=\"\"><strong>Club Philo <\/strong>dans les coll\u00e8ges <\/a><\/p>\n<\/div><\/div>\n\n\n\n<div style=\"height:100px\" aria-hidden=\"true\" class=\"wp-block-spacer\"><\/div>\n\n\n\n<div class=\"wp-block-media-text is-stacked-on-mobile is-image-fill\" style=\"grid-template-columns:44% auto\"><figure class=\"wp-block-media-text__media\" style=\"background-image:url(https:\/\/maisondelaphilo-romainville.org\/wp-content\/uploads\/2024\/09\/pexels-photo-249360-1024x682.jpeg);background-position:50% 50%\"><a href=\"https:\/\/maisondelaphilo-romainville.org\/?page_id=4185\"><img loading=\"lazy\" decoding=\"async\" width=\"1024\" height=\"682\" src=\"https:\/\/maisondelaphilo-romainville.org\/wp-content\/uploads\/2024\/09\/pexels-photo-249360-1024x682.jpeg\" alt=\"\" class=\"wp-image-5676 size-full\" srcset=\"https:\/\/maisondelaphilo-romainville.org\/wp-content\/uploads\/2024\/09\/pexels-photo-249360-1024x682.jpeg 1024w, https:\/\/maisondelaphilo-romainville.org\/wp-content\/uploads\/2024\/09\/pexels-photo-249360-300x200.jpeg 300w, https:\/\/maisondelaphilo-romainville.org\/wp-content\/uploads\/2024\/09\/pexels-photo-249360-768x512.jpeg 768w, https:\/\/maisondelaphilo-romainville.org\/wp-content\/uploads\/2024\/09\/pexels-photo-249360-1536x1024.jpeg 1536w, https:\/\/maisondelaphilo-romainville.org\/wp-content\/uploads\/2024\/09\/pexels-photo-249360.jpeg 1880w\" sizes=\"auto, (max-width: 1024px) 100vw, 1024px\" \/><\/a><\/figure><div class=\"wp-block-media-text__content\">\n<p class=\"has-text-align-center has-large-font-size\"><strong><a href=\"https:\/\/maisondelaphilo-romainville.org\/?page_id=4185\">R\u00e9visions Bac Philo<\/a><\/strong><\/p>\n<\/div><\/div>\n","protected":false},"excerpt":{"rendered":"<p>La Maison de la Philo propose plusieurs interventions dans le cadre scolaire : Classes Id\u00e9es\/Id\u00e9ecouvertesAteliers de Philosophie \u00e0 destination des \u00e9coles et coll\u00e8ges de Romainville Club Philo dans les coll\u00e8ges R\u00e9visions Bac Philo<\/p>\n","protected":false},"author":1,"featured_media":0,"parent":0,"menu_order":0,"comment_status":"closed","ping_status":"closed","template":"templates\/full-width-page.php","meta":{"iawp_total_views":47,"footnotes":""},"class_list":["post-4174","page","type-page","status-publish","hentry","without-featured-image"],"aioseo_notices":[],"_links":{"self":[{"href":"https:\/\/maisondelaphilo-romainville.org\/index.php?rest_route=\/wp\/v2\/pages\/4174","targetHints":{"allow":["GET"]}}],"collection":[{"href":"https:\/\/maisondelaphilo-romainville.org\/index.php?rest_route=\/wp\/v2\/pages"}],"about":[{"href":"https:\/\/maisondelaphilo-romainville.org\/index.php?rest_route=\/wp\/v2\/types\/page"}],"author":[{"embeddable":true,"href":"https:\/\/maisondelaphilo-romainville.org\/index.php?rest_route=\/wp\/v2\/users\/1"}],"replies":[{"embeddable":true,"href":"https:\/\/maisondelaphilo-romainville.org\/index.php?rest_route=%2Fwp%2Fv2%2Fcomments&post=4174"}],"version-history":[{"count":7,"href":"https:\/\/maisondelaphilo-romainville.org\/index.php?rest_route=\/wp\/v2\/pages\/4174\/revisions"}],"predecessor-version":[{"id":5997,"href":"https:\/\/maisondelaphilo-romainville.org\/index.php?rest_route=\/wp\/v2\/pages\/4174\/revisions\/5997"}],"wp:attachment":[{"href":"https:\/\/maisondelaphilo-romainville.org\/index.php?rest_route=%2Fwp%2Fv2%2Fmedia&parent=4174"}],"curies":[{"name":"wp","href":"https:\/\/api.w.org\/{rel}","templated":true}]}}