{"id":4175,"date":"2023-09-07T13:39:51","date_gmt":"2023-09-07T11:39:51","guid":{"rendered":"https:\/\/maisondelaphiloromainvilledotorg.wordpress.com\/?page_id=4175"},"modified":"2025-12-17T17:38:45","modified_gmt":"2025-12-17T16:38:45","slug":"cine-philo","status":"publish","type":"page","link":"https:\/\/maisondelaphilo-romainville.org\/?page_id=4175","title":{"rendered":"Cin\u00e9 Philo"},"content":{"rendered":"\n<figure class=\"wp-block-image\" id=\"cinephilo\"><img loading=\"lazy\" decoding=\"async\" width=\"1423\" height=\"552\" src=\"https:\/\/maisondelaphilo-romainville.org\/wp-content\/uploads\/2024\/07\/Logo-Cine-philo.png\" alt=\"\" class=\"wp-image-5462\" srcset=\"https:\/\/maisondelaphilo-romainville.org\/wp-content\/uploads\/2024\/07\/Logo-Cine-philo.png 1423w, https:\/\/maisondelaphilo-romainville.org\/wp-content\/uploads\/2024\/07\/Logo-Cine-philo-300x116.png 300w, https:\/\/maisondelaphilo-romainville.org\/wp-content\/uploads\/2024\/07\/Logo-Cine-philo-1024x397.png 1024w, https:\/\/maisondelaphilo-romainville.org\/wp-content\/uploads\/2024\/07\/Logo-Cine-philo-768x298.png 768w\" sizes=\"auto, (max-width: 1423px) 100vw, 1423px\" \/><\/figure>\n\n\n\n<p class=\"has-medium-font-size\">En partenariat avec&nbsp;<strong>Le Trianon<\/strong>, la&nbsp;<strong>Maison de la Philo<\/strong>&nbsp;propose<mark>&nbsp;<strong>des s\u00e9ances de cin\u00e9ma suivies d\u2019un atelier philo<\/strong><\/mark>&nbsp;pour discuter et approfondir les th\u00e8mes du film visionn\u00e9.<br>Les cin\u00e9s-philo visent \u00e0&nbsp;<strong>rassembler deux plaisirs<\/strong>&nbsp;: le plaisir de la&nbsp;<strong>fiction<\/strong>, quand on regarde le film, et le plaisir de la&nbsp;<strong>raison<\/strong>, lorsqu\u2019on y r\u00e9fl\u00e9chit&nbsp;! Pour passer de la fiction \u00e0 la raison, il faut juste<strong>&nbsp;un peu de philosophie.<\/strong><\/p>\n\n\n\n<figure class=\"wp-block-image\"><img loading=\"lazy\" decoding=\"async\" width=\"1024\" height=\"768\" src=\"https:\/\/maisondelaphilo-romainville.org\/wp-content\/uploads\/2024\/09\/trianon-1920x1440-1.webp\" alt=\"\" class=\"wp-image-5655\" srcset=\"https:\/\/maisondelaphilo-romainville.org\/wp-content\/uploads\/2024\/09\/trianon-1920x1440-1.webp 1024w, https:\/\/maisondelaphilo-romainville.org\/wp-content\/uploads\/2024\/09\/trianon-1920x1440-1-300x225.webp 300w, https:\/\/maisondelaphilo-romainville.org\/wp-content\/uploads\/2024\/09\/trianon-1920x1440-1-768x576.webp 768w\" sizes=\"auto, (max-width: 1024px) 100vw, 1024px\" \/><\/figure>\n\n\n\n<p class=\"has-medium-font-size\">Les projections sont faites au cin\u00e9ma Le Trianon&nbsp;<strong>un dimanche par mois.<\/strong><br>Ce jeu-d\u00e9bat de remue-m\u00e9ninge philosophique a lieu apr\u00e8s une s\u00e9ance et s\u2019adresse aux enfants \u00e2g\u00e9s d\u2019au moins 6 ans.<\/p>\n","protected":false},"excerpt":{"rendered":"<p>En partenariat avec&nbsp;Le Trianon, la&nbsp;Maison de la Philo&nbsp;propose&nbsp;des s\u00e9ances de cin\u00e9ma suivies d\u2019un atelier philo&nbsp;pour discuter et approfondir les th\u00e8mes du film visionn\u00e9.Les cin\u00e9s-philo visent \u00e0&nbsp;rassembler deux plaisirs&nbsp;: le plaisir de la&nbsp;fiction, quand on regarde le film, et le plaisir de la&nbsp;raison, lorsqu\u2019on y r\u00e9fl\u00e9chit&nbsp;! Pour passer de la fiction \u00e0 la raison, il faut&hellip; <a href=\"https:\/\/maisondelaphilo-romainville.org\/?page_id=4175\" class=\"more-link\">Continue reading <span class=\"screen-reader-text\">Cin\u00e9 Philo<\/span><\/a><\/p>\n","protected":false},"author":1,"featured_media":0,"parent":0,"menu_order":0,"comment_status":"closed","ping_status":"closed","template":"templates\/full-width-page.php","meta":{"iawp_total_views":87,"footnotes":""},"class_list":["post-4175","page","type-page","status-publish","hentry","without-featured-image"],"aioseo_notices":[],"_links":{"self":[{"href":"https:\/\/maisondelaphilo-romainville.org\/index.php?rest_route=\/wp\/v2\/pages\/4175","targetHints":{"allow":["GET"]}}],"collection":[{"href":"https:\/\/maisondelaphilo-romainville.org\/index.php?rest_route=\/wp\/v2\/pages"}],"about":[{"href":"https:\/\/maisondelaphilo-romainville.org\/index.php?rest_route=\/wp\/v2\/types\/page"}],"author":[{"embeddable":true,"href":"https:\/\/maisondelaphilo-romainville.org\/index.php?rest_route=\/wp\/v2\/users\/1"}],"replies":[{"embeddable":true,"href":"https:\/\/maisondelaphilo-romainville.org\/index.php?rest_route=%2Fwp%2Fv2%2Fcomments&post=4175"}],"version-history":[{"count":5,"href":"https:\/\/maisondelaphilo-romainville.org\/index.php?rest_route=\/wp\/v2\/pages\/4175\/revisions"}],"predecessor-version":[{"id":6382,"href":"https:\/\/maisondelaphilo-romainville.org\/index.php?rest_route=\/wp\/v2\/pages\/4175\/revisions\/6382"}],"wp:attachment":[{"href":"https:\/\/maisondelaphilo-romainville.org\/index.php?rest_route=%2Fwp%2Fv2%2Fmedia&parent=4175"}],"curies":[{"name":"wp","href":"https:\/\/api.w.org\/{rel}","templated":true}]}}