{"id":4176,"date":"2023-09-07T13:39:52","date_gmt":"2023-09-07T11:39:52","guid":{"rendered":"https:\/\/maisondelaphiloromainvilledotorg.wordpress.com\/?page_id=4176"},"modified":"2025-09-05T14:41:45","modified_gmt":"2025-09-05T12:41:45","slug":"pour-les-enfants","status":"publish","type":"page","link":"https:\/\/maisondelaphilo-romainville.org\/?page_id=4176","title":{"rendered":"Pour les enfants"},"content":{"rendered":"\n<p class=\"has-luminous-vivid-amber-background-color has-background\" id=\"hautdepage\" style=\"font-size:25px\"><strong>A chaque \u00e2ge son moment privil\u00e9gi\u00e9 ! A la Maison de la Philo, nous proposons des ateliers selon la tranche d&#8217;\u00e2ge et les pr\u00e9occupations des enfants :<\/strong><\/p>\n\n\n\n<div class=\"wp-block-group\"><div class=\"wp-block-group__inner-container is-layout-constrained wp-block-group-is-layout-constrained\">\n<figure class=\"wp-block-gallery has-nested-images columns-3 has-luminous-vivid-orange-background-color has-background wp-block-gallery-1 is-layout-flex wp-block-gallery-is-layout-flex\">\n<figure class=\"wp-block-image size-full is-style-rounded\"><a href=\"https:\/\/maisondelaphilo-romainville.org\/?page_id=1519\"><img loading=\"lazy\" decoding=\"async\" width=\"500\" height=\"500\" data-id=\"5431\" src=\"https:\/\/maisondelaphilo-romainville.org\/wp-content\/uploads\/2024\/07\/3.png\" alt=\"\" class=\"wp-image-5431\" srcset=\"https:\/\/maisondelaphilo-romainville.org\/wp-content\/uploads\/2024\/07\/3.png 500w, https:\/\/maisondelaphilo-romainville.org\/wp-content\/uploads\/2024\/07\/3-300x300.png 300w, https:\/\/maisondelaphilo-romainville.org\/wp-content\/uploads\/2024\/07\/3-150x150.png 150w, https:\/\/maisondelaphilo-romainville.org\/wp-content\/uploads\/2024\/07\/3-180x180.png 180w\" sizes=\"auto, (max-width: 500px) 100vw, 500px\" \/><\/a><\/figure>\n\n\n\n<figure class=\"wp-block-image size-full is-style-rounded\"><a href=\"https:\/\/maisondelaphilo-romainville.org\/?page_id=1464\"><img loading=\"lazy\" decoding=\"async\" width=\"500\" height=\"500\" data-id=\"5430\" src=\"https:\/\/maisondelaphilo-romainville.org\/wp-content\/uploads\/2024\/07\/5.png\" alt=\"\" class=\"wp-image-5430\" srcset=\"https:\/\/maisondelaphilo-romainville.org\/wp-content\/uploads\/2024\/07\/5.png 500w, https:\/\/maisondelaphilo-romainville.org\/wp-content\/uploads\/2024\/07\/5-300x300.png 300w, https:\/\/maisondelaphilo-romainville.org\/wp-content\/uploads\/2024\/07\/5-150x150.png 150w, https:\/\/maisondelaphilo-romainville.org\/wp-content\/uploads\/2024\/07\/5-180x180.png 180w\" sizes=\"auto, (max-width: 500px) 100vw, 500px\" \/><\/a><\/figure>\n\n\n\n<figure class=\"wp-block-image size-full is-style-rounded\"><a href=\"https:\/\/maisondelaphilo-romainville.org\/?page_id=4175\"><img loading=\"lazy\" decoding=\"async\" width=\"500\" height=\"500\" data-id=\"5434\" src=\"https:\/\/maisondelaphilo-romainville.org\/wp-content\/uploads\/2024\/07\/4.png\" alt=\"\" class=\"wp-image-5434\" srcset=\"https:\/\/maisondelaphilo-romainville.org\/wp-content\/uploads\/2024\/07\/4.png 500w, https:\/\/maisondelaphilo-romainville.org\/wp-content\/uploads\/2024\/07\/4-300x300.png 300w, https:\/\/maisondelaphilo-romainville.org\/wp-content\/uploads\/2024\/07\/4-150x150.png 150w, https:\/\/maisondelaphilo-romainville.org\/wp-content\/uploads\/2024\/07\/4-180x180.png 180w\" sizes=\"auto, (max-width: 500px) 100vw, 500px\" \/><\/a><\/figure>\n<\/figure>\n<\/div><\/div>\n\n\n\n<p><\/p>\n\n\n\n<hr class=\"wp-block-separator has-alpha-channel-opacity\"\/>\n\n\n\n<p class=\"has-text-align-center has-large-font-size\">Pour toute inscription, merci d&#8217;envoyer un mail \u00e0 <a href=\"mailto:maisondelaphilo@ville-romainville.fr\">maisondelaphilo@ville-romainville.fr<\/a><\/p>\n\n\n\n<p><\/p>\n","protected":false},"excerpt":{"rendered":"<p>A chaque \u00e2ge son moment privil\u00e9gi\u00e9 ! A la Maison de la Philo, nous proposons des ateliers selon la tranche d&#8217;\u00e2ge et les pr\u00e9occupations des enfants : Pour toute inscription, merci d&#8217;envoyer un mail \u00e0 maisondelaphilo@ville-romainville.fr<\/p>\n","protected":false},"author":1,"featured_media":0,"parent":0,"menu_order":0,"comment_status":"closed","ping_status":"closed","template":"templates\/full-width-page.php","meta":{"iawp_total_views":1162,"footnotes":""},"class_list":["post-4176","page","type-page","status-publish","hentry","without-featured-image"],"aioseo_notices":[],"_links":{"self":[{"href":"https:\/\/maisondelaphilo-romainville.org\/index.php?rest_route=\/wp\/v2\/pages\/4176","targetHints":{"allow":["GET"]}}],"collection":[{"href":"https:\/\/maisondelaphilo-romainville.org\/index.php?rest_route=\/wp\/v2\/pages"}],"about":[{"href":"https:\/\/maisondelaphilo-romainville.org\/index.php?rest_route=\/wp\/v2\/types\/page"}],"author":[{"embeddable":true,"href":"https:\/\/maisondelaphilo-romainville.org\/index.php?rest_route=\/wp\/v2\/users\/1"}],"replies":[{"embeddable":true,"href":"https:\/\/maisondelaphilo-romainville.org\/index.php?rest_route=%2Fwp%2Fv2%2Fcomments&post=4176"}],"version-history":[{"count":31,"href":"https:\/\/maisondelaphilo-romainville.org\/index.php?rest_route=\/wp\/v2\/pages\/4176\/revisions"}],"predecessor-version":[{"id":6252,"href":"https:\/\/maisondelaphilo-romainville.org\/index.php?rest_route=\/wp\/v2\/pages\/4176\/revisions\/6252"}],"wp:attachment":[{"href":"https:\/\/maisondelaphilo-romainville.org\/index.php?rest_route=%2Fwp%2Fv2%2Fmedia&parent=4176"}],"curies":[{"name":"wp","href":"https:\/\/api.w.org\/{rel}","templated":true}]}}