{"id":4179,"date":"2023-09-07T13:39:55","date_gmt":"2023-09-07T11:39:55","guid":{"rendered":"https:\/\/maisondelaphiloromainvilledotorg.wordpress.com\/?page_id=4179"},"modified":"2025-09-05T14:41:08","modified_gmt":"2025-09-05T12:41:08","slug":"philo-sur-le-pouce","status":"publish","type":"page","link":"https:\/\/maisondelaphilo-romainville.org\/?page_id=4179","title":{"rendered":"Philo sur le pouce"},"content":{"rendered":"\n<figure class=\"wp-block-image size-full is-resized wp-duotone-unset-1\"><img loading=\"lazy\" decoding=\"async\" width=\"500\" height=\"281\" src=\"https:\/\/maisondelaphilo-romainville.org\/wp-content\/uploads\/2024\/07\/1-edited.png\" alt=\"\" class=\"wp-image-5442\" style=\"width:648px;height:auto\" srcset=\"https:\/\/maisondelaphilo-romainville.org\/wp-content\/uploads\/2024\/07\/1-edited.png 500w, https:\/\/maisondelaphilo-romainville.org\/wp-content\/uploads\/2024\/07\/1-edited-300x169.png 300w\" sizes=\"auto, (max-width: 500px) 100vw, 500px\" \/><\/figure>\n\n\n<div class=\"wp-block-image\">\n<figure class=\"aligncenter size-large is-resized\"><img loading=\"lazy\" decoding=\"async\" width=\"1024\" height=\"576\" src=\"https:\/\/maisondelaphilo-romainville.org\/wp-content\/uploads\/2024\/12\/20240201_134751-1024x576.jpg\" alt=\"\" class=\"wp-image-5974\" style=\"width:862px;height:auto\" srcset=\"https:\/\/maisondelaphilo-romainville.org\/wp-content\/uploads\/2024\/12\/20240201_134751-1024x576.jpg 1024w, https:\/\/maisondelaphilo-romainville.org\/wp-content\/uploads\/2024\/12\/20240201_134751-300x169.jpg 300w, https:\/\/maisondelaphilo-romainville.org\/wp-content\/uploads\/2024\/12\/20240201_134751-768x432.jpg 768w, https:\/\/maisondelaphilo-romainville.org\/wp-content\/uploads\/2024\/12\/20240201_134751-1536x864.jpg 1536w, https:\/\/maisondelaphilo-romainville.org\/wp-content\/uploads\/2024\/12\/20240201_134751-2048x1152.jpg 2048w\" sizes=\"auto, (max-width: 1024px) 100vw, 1024px\" \/><\/figure><\/div>\n\n\n<div style=\"height:60px\" aria-hidden=\"true\" class=\"wp-block-spacer\"><\/div>\n\n\n\n<p class=\"has-text-align-left has-luminous-vivid-amber-background-color has-background\" style=\"font-size:25px\"><strong>La Maison de la Philo est ouverte \u00e0 tou.te.s <mark style=\"background-color:rgba(0, 0, 0, 0)\" class=\"has-inline-color has-luminous-vivid-orange-color\">du mardi au samedi, de 14h \u00e0 18h, sans inscription<\/mark> !<br>Pour les enfants et adolescent.e.s, elle propose des <mark style=\"background-color:rgba(0, 0, 0, 0)\" class=\"has-inline-color has-luminous-vivid-orange-color\">activit\u00e9s libres autour de la philosophie<\/mark> : lectures \ud83d\udcd6, discussions \ud83d\udcac, jeux \ud83c\udfb2, dessins \ud83c\udfa8 &#8230; et d&#8217;autres encore !<\/strong><\/p>\n\n\n\n<p class=\"has-text-align-justify has-luminous-vivid-amber-background-color has-background\" style=\"font-size:25px\"><strong>L&#8217;\u00e9quipe anime et cr\u00e9\u00e9 des outils p\u00e9dagogiques au quotidien pour faire d\u00e9couvrir la philosophie, de fa\u00e7on innovante et ludique.<\/strong> \ud83d\udca1<\/p>\n\n\n\n<div style=\"height:35px\" aria-hidden=\"true\" class=\"wp-block-spacer\"><\/div>\n\n\n\n<figure class=\"wp-block-image size-large\"><img loading=\"lazy\" decoding=\"async\" width=\"1024\" height=\"576\" src=\"https:\/\/maisondelaphilo-romainville.org\/wp-content\/uploads\/2024\/12\/20240908_093940-1024x576.jpg\" alt=\"\" class=\"wp-image-5976\" srcset=\"https:\/\/maisondelaphilo-romainville.org\/wp-content\/uploads\/2024\/12\/20240908_093940-1024x576.jpg 1024w, https:\/\/maisondelaphilo-romainville.org\/wp-content\/uploads\/2024\/12\/20240908_093940-300x169.jpg 300w, https:\/\/maisondelaphilo-romainville.org\/wp-content\/uploads\/2024\/12\/20240908_093940-768x432.jpg 768w, https:\/\/maisondelaphilo-romainville.org\/wp-content\/uploads\/2024\/12\/20240908_093940-1536x864.jpg 1536w, https:\/\/maisondelaphilo-romainville.org\/wp-content\/uploads\/2024\/12\/20240908_093940-2048x1152.jpg 2048w\" sizes=\"auto, (max-width: 1024px) 100vw, 1024px\" \/><\/figure>\n\n\n\n<div style=\"height:36px\" aria-hidden=\"true\" class=\"wp-block-spacer\"><\/div>\n\n\n\n<p class=\"has-luminous-vivid-amber-background-color has-background\" style=\"font-size:25px\"><strong>Elle est aussi un espace de lecture, propice \u00e0 la r\u00e9flexion<\/strong> <strong>: un espace convivial o\u00f9 chacune et chacun est invit\u00e9\u00b7e \u00e0 lire ou \u00e0 emprunter des livres ou albums !<\/strong> \ud83d\udcda<\/p>\n\n\n\n<p><\/p>\n\n\n<div class=\"wp-block-image\">\n<figure class=\"aligncenter size-full is-resized\"><img loading=\"lazy\" decoding=\"async\" width=\"535\" height=\"358\" src=\"https:\/\/maisondelaphilo-romainville.org\/wp-content\/uploads\/2024\/09\/image-philo-sur-le-pouce-1.webp\" alt=\"\" class=\"wp-image-5658\" style=\"aspect-ratio:1.3327272727272728;width:380px;height:auto\" srcset=\"https:\/\/maisondelaphilo-romainville.org\/wp-content\/uploads\/2024\/09\/image-philo-sur-le-pouce-1.webp 535w, https:\/\/maisondelaphilo-romainville.org\/wp-content\/uploads\/2024\/09\/image-philo-sur-le-pouce-1-300x201.webp 300w, https:\/\/maisondelaphilo-romainville.org\/wp-content\/uploads\/2024\/09\/image-philo-sur-le-pouce-1-360x242.webp 360w\" sizes=\"auto, (max-width: 535px) 100vw, 535px\" \/><\/figure><\/div>\n\n\n<p><\/p>\n","protected":false},"excerpt":{"rendered":"<p>La Maison de la Philo est ouverte \u00e0 tou.te.s du mardi au samedi, de 14h \u00e0 18h, sans inscription !Pour les enfants et adolescent.e.s, elle propose des activit\u00e9s libres autour de la philosophie : lectures \ud83d\udcd6, discussions \ud83d\udcac, jeux \ud83c\udfb2, dessins \ud83c\udfa8 &#8230; et d&#8217;autres encore ! L&#8217;\u00e9quipe anime et cr\u00e9\u00e9 des outils p\u00e9dagogiques au&hellip; <a href=\"https:\/\/maisondelaphilo-romainville.org\/?page_id=4179\" class=\"more-link\">Continue reading <span class=\"screen-reader-text\">Philo sur le pouce<\/span><\/a><\/p>\n","protected":false},"author":1,"featured_media":0,"parent":0,"menu_order":0,"comment_status":"closed","ping_status":"closed","template":"templates\/full-width-page.php","meta":{"iawp_total_views":409,"footnotes":""},"class_list":["post-4179","page","type-page","status-publish","hentry","without-featured-image"],"aioseo_notices":[],"_links":{"self":[{"href":"https:\/\/maisondelaphilo-romainville.org\/index.php?rest_route=\/wp\/v2\/pages\/4179","targetHints":{"allow":["GET"]}}],"collection":[{"href":"https:\/\/maisondelaphilo-romainville.org\/index.php?rest_route=\/wp\/v2\/pages"}],"about":[{"href":"https:\/\/maisondelaphilo-romainville.org\/index.php?rest_route=\/wp\/v2\/types\/page"}],"author":[{"embeddable":true,"href":"https:\/\/maisondelaphilo-romainville.org\/index.php?rest_route=\/wp\/v2\/users\/1"}],"replies":[{"embeddable":true,"href":"https:\/\/maisondelaphilo-romainville.org\/index.php?rest_route=%2Fwp%2Fv2%2Fcomments&post=4179"}],"version-history":[{"count":7,"href":"https:\/\/maisondelaphilo-romainville.org\/index.php?rest_route=\/wp\/v2\/pages\/4179\/revisions"}],"predecessor-version":[{"id":6251,"href":"https:\/\/maisondelaphilo-romainville.org\/index.php?rest_route=\/wp\/v2\/pages\/4179\/revisions\/6251"}],"wp:attachment":[{"href":"https:\/\/maisondelaphilo-romainville.org\/index.php?rest_route=%2Fwp%2Fv2%2Fmedia&parent=4179"}],"curies":[{"name":"wp","href":"https:\/\/api.w.org\/{rel}","templated":true}]}}