{"id":4180,"date":"2023-09-07T13:39:56","date_gmt":"2023-09-07T12:39:56","guid":{"rendered":"https:\/\/maisondelaphiloromainvilledotorg.wordpress.com\/?page_id=4180"},"modified":"2025-11-14T10:09:23","modified_gmt":"2025-11-14T09:09:23","slug":"ressources","status":"publish","type":"page","link":"https:\/\/maisondelaphilo-romainville.org\/?page_id=4180","title":{"rendered":"Ressources"},"content":{"rendered":"<div class=\"wp-block-image\">\n<figure class=\"aligncenter size-large is-resized\"><img loading=\"lazy\" decoding=\"async\" width=\"1024\" height=\"451\" src=\"https:\/\/maisondelaphilo-romainville.org\/wp-content\/uploads\/2025\/11\/Logo-ressources-1024x451.png\" alt=\"\" class=\"wp-image-6342\" style=\"width:788px;height:auto\" srcset=\"https:\/\/maisondelaphilo-romainville.org\/wp-content\/uploads\/2025\/11\/Logo-ressources-1024x451.png 1024w, https:\/\/maisondelaphilo-romainville.org\/wp-content\/uploads\/2025\/11\/Logo-ressources-300x132.png 300w, https:\/\/maisondelaphilo-romainville.org\/wp-content\/uploads\/2025\/11\/Logo-ressources-768x338.png 768w, https:\/\/maisondelaphilo-romainville.org\/wp-content\/uploads\/2025\/11\/Logo-ressources-1536x677.png 1536w, https:\/\/maisondelaphilo-romainville.org\/wp-content\/uploads\/2025\/11\/Logo-ressources.png 1611w\" sizes=\"auto, (max-width: 1024px) 100vw, 1024px\" \/><\/figure><\/div>\n\n\n<p class=\"has-medium-font-size\">Cette page r\u00e9pertorie des ressources utiles pour l&#8217;animation d&#8217;ateliers de philosophie. Les ressources propos\u00e9es ici ne se substituent pas \u00e0 une formation.<\/p>\n\n\n\n<p><\/p>\n\n\n\n<p class=\"has-large-font-size\">Sitographie<\/p>\n\n\n\n<div class=\"wp-block-media-text is-stacked-on-mobile has-background\" style=\"background-color:#f1ebe4;grid-template-columns:43% auto\"><figure class=\"wp-block-media-text__media\"><a href=\"https:\/\/www.calbw.be\/publications-pole-philo\"><img loading=\"lazy\" decoding=\"async\" width=\"1024\" height=\"724\" src=\"https:\/\/maisondelaphilo-romainville.org\/wp-content\/uploads\/2025\/11\/f0115e_9cd68c81de38473591e71b479bfe990cmv2-1024x724.jpg\" alt=\"\" class=\"wp-image-6344 size-full\" srcset=\"https:\/\/maisondelaphilo-romainville.org\/wp-content\/uploads\/2025\/11\/f0115e_9cd68c81de38473591e71b479bfe990cmv2-1024x724.jpg 1024w, https:\/\/maisondelaphilo-romainville.org\/wp-content\/uploads\/2025\/11\/f0115e_9cd68c81de38473591e71b479bfe990cmv2-300x212.jpg 300w, https:\/\/maisondelaphilo-romainville.org\/wp-content\/uploads\/2025\/11\/f0115e_9cd68c81de38473591e71b479bfe990cmv2-768x543.jpg 768w, https:\/\/maisondelaphilo-romainville.org\/wp-content\/uploads\/2025\/11\/f0115e_9cd68c81de38473591e71b479bfe990cmv2-1536x1086.jpg 1536w, https:\/\/maisondelaphilo-romainville.org\/wp-content\/uploads\/2025\/11\/f0115e_9cd68c81de38473591e71b479bfe990cmv2.jpg 1754w\" sizes=\"auto, (max-width: 1024px) 100vw, 1024px\" \/><\/a><\/figure><div class=\"wp-block-media-text__content\">\n<p class=\"has-text-align-center has-large-font-size\"><a href=\"https:\/\/www.calbw.be\/publications-pole-philo\" title=\"\">P\u00f4le Philo<\/a><\/p>\n\n\n\n<p>Le P\u00f4le Philo, service de La\u00efcit\u00e9 Brabant wallon, propose, par la pratique philo bas\u00e9e sur le libre examen, d\u2019explorer des chemins nouveaux pour s\u2019interroger et poser un regard critique sur soi, les autres et le monde. Il organise diff\u00e9rentes activit\u00e9s (animations, formations, publications\u2026) bas\u00e9es sur le questionnement philosophique pour tous les \u00e2ges et tous les types de public.<\/p>\n\n\n\n<p><br>Le site propose en libre acc\u00e8s des d\u00e9roul\u00e9s d&#8217;ateliers, et des dispositifs philo-art tr\u00e8s riches et stimulants \u00e0 mettre en place avec des enfants.<\/p>\n<\/div><\/div>\n\n\n\n<div style=\"height:50px\" aria-hidden=\"true\" class=\"wp-block-spacer\"><\/div>\n\n\n\n<div class=\"wp-block-media-text is-stacked-on-mobile has-background\" style=\"background-color:#f1ebe4;grid-template-columns:42% auto\"><figure class=\"wp-block-media-text__media\"><a href=\"https:\/\/www.philocite.eu\/outils-pour-les-animateurs\/\"><img loading=\"lazy\" decoding=\"async\" width=\"269\" height=\"80\" src=\"https:\/\/maisondelaphilo-romainville.org\/wp-content\/uploads\/2025\/11\/philocite_logo_web21.jpg\" alt=\"\" class=\"wp-image-6350 size-full\"\/><\/a><\/figure><div class=\"wp-block-media-text__content\">\n<p class=\"has-text-align-center has-large-font-size\"><a href=\"https:\/\/www.philocite.eu\/outils-pour-les-animateurs\/\" title=\"\">PhiloCit\u00e9<\/a><\/p>\n\n\n\n<p>Philocit\u00e9, branche belge de PhiloJeunes, propose sur son site des rubriques regroupant divers ressources : des outils pour les animateur\u00b7ices (fiches, grilles d&#8217;observation), <a href=\"https:\/\/www.philocite.eu\/blog\/\" title=\"\">le blog dans la caverne<\/a>, la rubrique &#8220;<a href=\"https:\/\/www.philocite.eu\/la-rubrique-de-lili\/\" title=\"\">dans la poche de Lilli Jim<\/a>&#8220;. <\/p>\n<\/div><\/div>\n\n\n\n<div style=\"height:50px\" aria-hidden=\"true\" class=\"wp-block-spacer\"><\/div>\n\n\n\n<div class=\"wp-block-media-text is-stacked-on-mobile has-background\" style=\"background-color:#f1ebe4;grid-template-columns:43% auto\"><figure class=\"wp-block-media-text__media\"><a href=\"https:\/\/philojeunes.org\/philojeunes\/le-materiel-pedagogique\/\"><img loading=\"lazy\" decoding=\"async\" width=\"1024\" height=\"200\" src=\"https:\/\/maisondelaphilo-romainville.org\/wp-content\/uploads\/2025\/11\/philojeunes-horizontal-2048x400-1-1024x200.png\" alt=\"\" class=\"wp-image-6349 size-full\" srcset=\"https:\/\/maisondelaphilo-romainville.org\/wp-content\/uploads\/2025\/11\/philojeunes-horizontal-2048x400-1-1024x200.png 1024w, https:\/\/maisondelaphilo-romainville.org\/wp-content\/uploads\/2025\/11\/philojeunes-horizontal-2048x400-1-300x59.png 300w, https:\/\/maisondelaphilo-romainville.org\/wp-content\/uploads\/2025\/11\/philojeunes-horizontal-2048x400-1-768x150.png 768w, https:\/\/maisondelaphilo-romainville.org\/wp-content\/uploads\/2025\/11\/philojeunes-horizontal-2048x400-1-1536x300.png 1536w, https:\/\/maisondelaphilo-romainville.org\/wp-content\/uploads\/2025\/11\/philojeunes-horizontal-2048x400-1.png 2048w\" sizes=\"auto, (max-width: 1024px) 100vw, 1024px\" \/><\/a><\/figure><div class=\"wp-block-media-text__content\">\n<p class=\"has-text-align-center has-large-font-size\"><a href=\"https:\/\/philojeunes.org\/philojeunes\/le-materiel-pedagogique\/\" title=\"\">PhiloJeunes<\/a><\/p>\n\n\n\n<p>PhiloJeunes est un projet d\u2019\u00c9ducation aux valeurs d\u00e9mocratiques et civiques avec le dialogue philosophique pour les jeunes de 5 \u00e0 16 ans. Le projet PhiloJeunes a \u00e9t\u00e9 cr\u00e9\u00e9 en 2015 et a pour but de pr\u00e9venir le dogmatisme, le fanatisme et la radicalisation et vise l\u2019\u00e9ducation des jeunes \u00e0 la citoyennet\u00e9 mondiale par l\u2019apprentissage du dialogue philosophique avec l\u2019aide d\u2019un accompagnateur form\u00e9 \u00e0 cet effet.<\/p>\n\n\n\n<p>Vous y trouverez des fiches qui proposent de partir d&#8217;exemples, de situations probl\u00e8mes pour d\u00e9velopper le questionnement, et int\u00e8grent des r\u00e9f\u00e9rences pour traiter chaque sujet.<\/p>\n<\/div><\/div>\n\n\n\n<div style=\"height:50px\" aria-hidden=\"true\" class=\"wp-block-spacer\"><\/div>\n\n\n\n<p class=\"has-large-font-size\">Outils<\/p>\n\n\n\n<ul class=\"wp-block-list\">\n<li class=\"has-cabin-font-family has-medium-font-size\"><a href=\"https:\/\/maisondelaphilo-romainville.org\/wp-content\/uploads\/2025\/10\/BiblioAlbumPhiloThemes-6-12ans.pdf\" target=\"_blank\" rel=\"noopener\" title=\"\">Bibliographie d&#8217;albums \u00e0 port\u00e9e philosophique par th\u00e8me<\/a><br><\/li>\n\n\n\n<li class=\"has-cabin-font-family has-medium-font-size\"><a href=\"https:\/\/maisondelaphilo-romainville.org\/wp-content\/uploads\/2016\/02\/cercle-de-la-parolephilosophique.pdf\" target=\"_blank\" rel=\"noopener\" title=\"\">Cercle de la parole <\/a><br><\/li>\n\n\n\n<li class=\"has-cabin-font-family has-medium-font-size\"><a href=\"https:\/\/maisondelaphilo-romainville.org\/wp-content\/uploads\/2025\/11\/Dessins-philo.pdf\" title=\"\">Dessins philo<\/a><\/li>\n<\/ul>\n\n\n\n<p><\/p>\n","protected":false},"excerpt":{"rendered":"<p>Cette page r\u00e9pertorie des ressources utiles pour l&#8217;animation d&#8217;ateliers de philosophie. Les ressources propos\u00e9es ici ne se substituent pas \u00e0 une formation. Sitographie P\u00f4le Philo Le P\u00f4le Philo, service de La\u00efcit\u00e9 Brabant wallon, propose, par la pratique philo bas\u00e9e sur le libre examen, d\u2019explorer des chemins nouveaux pour s\u2019interroger et poser un regard critique sur&hellip; <a href=\"https:\/\/maisondelaphilo-romainville.org\/?page_id=4180\" class=\"more-link\">Continue reading <span class=\"screen-reader-text\">Ressources<\/span><\/a><\/p>\n","protected":false},"author":1,"featured_media":0,"parent":0,"menu_order":0,"comment_status":"closed","ping_status":"closed","template":"templates\/full-width-page.php","meta":{"iawp_total_views":189,"footnotes":""},"class_list":["post-4180","page","type-page","status-publish","hentry","without-featured-image"],"aioseo_notices":[],"_links":{"self":[{"href":"https:\/\/maisondelaphilo-romainville.org\/index.php?rest_route=\/wp\/v2\/pages\/4180","targetHints":{"allow":["GET"]}}],"collection":[{"href":"https:\/\/maisondelaphilo-romainville.org\/index.php?rest_route=\/wp\/v2\/pages"}],"about":[{"href":"https:\/\/maisondelaphilo-romainville.org\/index.php?rest_route=\/wp\/v2\/types\/page"}],"author":[{"embeddable":true,"href":"https:\/\/maisondelaphilo-romainville.org\/index.php?rest_route=\/wp\/v2\/users\/1"}],"replies":[{"embeddable":true,"href":"https:\/\/maisondelaphilo-romainville.org\/index.php?rest_route=%2Fwp%2Fv2%2Fcomments&post=4180"}],"version-history":[{"count":7,"href":"https:\/\/maisondelaphilo-romainville.org\/index.php?rest_route=\/wp\/v2\/pages\/4180\/revisions"}],"predecessor-version":[{"id":6364,"href":"https:\/\/maisondelaphilo-romainville.org\/index.php?rest_route=\/wp\/v2\/pages\/4180\/revisions\/6364"}],"wp:attachment":[{"href":"https:\/\/maisondelaphilo-romainville.org\/index.php?rest_route=%2Fwp%2Fv2%2Fmedia&parent=4180"}],"curies":[{"name":"wp","href":"https:\/\/api.w.org\/{rel}","templated":true}]}}