{"id":4182,"date":"2023-09-07T13:39:57","date_gmt":"2023-09-07T11:39:57","guid":{"rendered":"https:\/\/maisondelaphiloromainvilledotorg.wordpress.com\/?page_id=4182"},"modified":"2025-06-19T13:59:29","modified_gmt":"2025-06-19T11:59:29","slug":"bilbiotheque","status":"publish","type":"page","link":"https:\/\/maisondelaphilo-romainville.org\/?page_id=4182","title":{"rendered":"Biblioth\u00e8que"},"content":{"rendered":"\n<h1 class=\"wp-block-heading has-text-align-center has-black-color has-luminous-vivid-amber-background-color has-text-color has-background has-link-color has-x-large-font-size wp-elements-454e101a19c557d11a87fea53a27403b\" style=\"font-style:normal;font-weight:600\">La \u00ab&nbsp;Biblioth\u00e8que Philo&nbsp;\u00bb, centre ressources et biblioth\u00e8que d\u00e9di\u00e9e \u00e0 la philosophie pour toutes et tous&nbsp;!<\/h1>\n\n\n\n<p><\/p>\n\n\n<div class=\"wp-block-image\">\n<figure class=\"aligncenter size-full is-resized\"><img loading=\"lazy\" decoding=\"async\" width=\"535\" height=\"358\" src=\"https:\/\/maisondelaphilo-romainville.org\/wp-content\/uploads\/2024\/09\/image-philo-sur-le-pouce-1.webp\" alt=\"\" class=\"wp-image-5658\" style=\"width:781px;height:auto\" title=\"La \u00ab\u00a0Biblioth\u00e8que Philo\u00a0\u00bb, centre ressources et biblioth\u00e8que d\u00e9di\u00e9e \u00e0 la philosophie pour toutes et tous\u00a0!\" srcset=\"https:\/\/maisondelaphilo-romainville.org\/wp-content\/uploads\/2024\/09\/image-philo-sur-le-pouce-1.webp 535w, https:\/\/maisondelaphilo-romainville.org\/wp-content\/uploads\/2024\/09\/image-philo-sur-le-pouce-1-300x201.webp 300w, https:\/\/maisondelaphilo-romainville.org\/wp-content\/uploads\/2024\/09\/image-philo-sur-le-pouce-1-360x242.webp 360w\" sizes=\"auto, (max-width: 535px) 100vw, 535px\" \/><\/figure><\/div>\n\n\n<p><\/p>\n\n\n\n<p class=\"has-text-align-justify has-luminous-vivid-amber-background-color has-background\" style=\"font-size:25px\">La Maison de la Philo rassemble une grande&nbsp;<strong><mark>collection de livres de philosophie pour tous les \u00e2ges<\/mark><\/strong>&nbsp;!&nbsp;<img decoding=\"async\" style=\"width: 50px\" src=\"https:\/\/s0.wp.com\/wp-content\/mu-plugins\/wpcom-smileys\/twemoji\/2\/svg\/1f4da.svg\" alt=\"\ud83d\udcda\"><br>Plus de 1000 ouvrages, allant des plus accessibles aux plus complexes, sont disponibles : initiation \u00e0 l\u2019histoire de la philosophie et aux diff\u00e9rents courants, introduction aux auteur.e.s et aux concepts, livres de philosophie pour enfants et ados, albums jeunesse dans lesquels figurent des \u00e9tiquettes \u00ab&nbsp;questions&nbsp;\u00bb, et bien entendu, tous les grands classiques.<\/p>\n\n\n\n<p class=\"has-text-align-justify has-luminous-vivid-amber-background-color has-background\" style=\"font-size:25px\">La biblioth\u00e8que de la Maison de la Philo est une\u00a0<strong><mark>annexe de la m\u00e9diath\u00e8que Romain Rolland<\/mark><\/strong> : ces ouvrages sont donc\u00a0<strong><mark>disponibles \u00e0 l\u2019emprunt<\/mark><\/strong>. Vous pouvez emprunter avec la m\u00eame carte des livres \u00e0 la m\u00e9diath\u00e8que et des livres \u00e0 la Maison de la Philo ! Retrouvez les informations de la m\u00e9diath\u00e8que Romain Rolland sur leur site :\u00a0<a href=\"https:\/\/romainville.mediatheques.fr\/\" target=\"_blank\" rel=\"noreferrer noopener\"><a href=\"https:\/\/romainville-pom.c3rb.org\/\">Accueil &#8211; M\u00e9diath\u00e8que Romain-Rolland de Romainville<\/a><\/a><\/p>\n\n\n\n<p><\/p>\n\n\n<div class=\"wp-block-image\">\n<figure class=\"aligncenter size-full\"><img loading=\"lazy\" decoding=\"async\" width=\"736\" height=\"511\" src=\"https:\/\/maisondelaphilo-romainville.org\/wp-content\/uploads\/2024\/09\/facade-maison-de-la-philo.webp\" alt=\"\" class=\"wp-image-5659\" srcset=\"https:\/\/maisondelaphilo-romainville.org\/wp-content\/uploads\/2024\/09\/facade-maison-de-la-philo.webp 736w, https:\/\/maisondelaphilo-romainville.org\/wp-content\/uploads\/2024\/09\/facade-maison-de-la-philo-300x208.webp 300w\" sizes=\"auto, (max-width: 736px) 100vw, 736px\" \/><\/figure><\/div>\n\n\n<p><\/p>\n\n\n\n<p class=\"has-text-align-justify has-luminous-vivid-amber-background-color has-background\" style=\"font-size:25px\"><img decoding=\"async\" src=\"https:\/\/s0.wp.com\/wp-content\/mu-plugins\/wpcom-smileys\/twemoji\/2\/svg\/231a.svg\" alt=\"\u231a\ufe0f\" style=\"width: 40px\">Ouverture<strong>&nbsp;au public du&nbsp;<mark>mardi au samedi, de 14h \u00e0 18h<\/mark><\/strong><br>au 28 avenue Paul Vaillant Couturier, 93230 ROMAINVILLE<\/p>\n\n\n\n<ul class=\"wp-block-list has-luminous-vivid-amber-background-color has-background\">\n<li style=\"font-size:25px\"><strong><mark>Inscriptions :<\/mark><\/strong>&nbsp;La m\u00e9diath\u00e8que tout comme la Maison de la Philo peut vous <strong>cr\u00e9er une carte d\u2019emprunt !<\/strong>\n<ul class=\"wp-block-list\">\n<li class=\"has-large-font-size\">L\u2019inscription et le pr\u00eat sont <strong>gratuits<\/strong>.<\/li>\n\n\n\n<li class=\"has-large-font-size\"><span style=\"text-decoration: underline\">Liste des pi\u00e8ces \u00e0 fournir<\/span> :\n<ul class=\"wp-block-list\">\n<li><mark style=\"background-color:rgba(0, 0, 0, 0)\" class=\"has-inline-color has-luminous-vivid-orange-color\">une pi\u00e8ce d\u2019identit\u00e9 en cours de validit\u00e9<\/mark><\/li>\n\n\n\n<li><mark style=\"background-color:rgba(0, 0, 0, 0)\" class=\"has-inline-color has-luminous-vivid-orange-color\">un justificatif de domicile datant de moins de 3 mois<\/mark><mark style=\"background-color:rgba(0, 0, 0, 0)\" class=\"has-inline-color has-vivid-green-cyan-color\"> <\/mark>(quittance de loyer, facture d\u2019\u00e9lectricit\u00e9\u2026)<\/li>\n\n\n\n<li>Pour les moins de 18 ans, une autorisation parentale (<a rel=\"noreferrer noopener\" href=\"https:\/\/www.mediatheque-ville-romainville.fr\/images\/Infos_et_services\/Autorisation_Parentale.pdf\" target=\"_blank\">formulaire \u00e0 compl\u00e9ter et imprimer<\/a>&nbsp;ou \u00e0 retirer \u00e0 l\u2019accueil de la m\u00e9diath\u00e8que ou de la Maison de la Philo)<\/li>\n<\/ul>\n<\/li>\n<\/ul>\n<\/li>\n\n\n\n<li><strong><mark>Pr\u00eats et retours :<\/mark><\/strong><ul><li>Vous pouvez emprunter pour 4 semaines :<ul><li>8 livres,<\/li><li>8 revues,<\/li><li>8 textes lus,<\/li><li>8 CD audio,<\/li><li>8 livres CD,<\/li><li>1 DVD,<\/li><\/ul><\/li><\/ul>\n<ul class=\"wp-block-list\">\n<li>Il est possible de prolonger la dur\u00e9e du pr\u00eat de 2 semaines suppl\u00e9mentaires, except\u00e9 pour les documents r\u00e9serv\u00e9s par d\u2019autres lecteur\u00b7rice\u00b7s et les DVD.<\/li>\n\n\n\n<li>Pour cela, utilisez votre compte en ligne ou faites une demande \u00e0 un\u00b7e biblioth\u00e9caire.<\/li>\n<\/ul>\n<\/li>\n\n\n\n<li><mark><strong>Catalogue :<\/strong>&nbsp;<\/mark>retrouvez en ligne toutes les ressources et documents disponibles \u00e0 l\u2019emprunt :&nbsp;<a href=\"https:\/\/romainville.mediatheques.fr\/\" target=\"_blank\" rel=\"noreferrer noopener\">https:\/\/romainville.mediatheques.fr\/<\/a>&nbsp;<img decoding=\"async\" style=\"width: 50px\" src=\"https:\/\/s0.wp.com\/wp-content\/mu-plugins\/wpcom-smileys\/twemoji\/2\/svg\/1f4bb.svg\" alt=\"\ud83d\udcbb\"><\/li>\n\n\n\n<li><strong><mark>Navette avec la m\u00e9diath\u00e8que :<\/mark><\/strong>&nbsp;Si vous avez cumul\u00e9 sur une m\u00eame carte des documents de la m\u00e9diath\u00e8que et des documents de la Maison de la Philo, <strong>vous pouvez passer tous vos retours directement \u00e0 la m\u00e9diath\u00e8que !<\/strong> La Maison de la Philo se chargera de r\u00e9cup\u00e9rer les livres philo pour les remettre dans ses fonds !<\/li>\n<\/ul>\n","protected":false},"excerpt":{"rendered":"<p>La \u00ab&nbsp;Biblioth\u00e8que Philo&nbsp;\u00bb, centre ressources et biblioth\u00e8que d\u00e9di\u00e9e \u00e0 la philosophie pour toutes et tous&nbsp;! La Maison de la Philo rassemble une grande&nbsp;collection de livres de philosophie pour tous les \u00e2ges&nbsp;!&nbsp;Plus de 1000 ouvrages, allant des plus accessibles aux plus complexes, sont disponibles : initiation \u00e0 l\u2019histoire de la philosophie et aux diff\u00e9rents courants, introduction&hellip; <a href=\"https:\/\/maisondelaphilo-romainville.org\/?page_id=4182\" class=\"more-link\">Continue reading <span class=\"screen-reader-text\">Biblioth\u00e8que<\/span><\/a><\/p>\n","protected":false},"author":1,"featured_media":0,"parent":0,"menu_order":0,"comment_status":"closed","ping_status":"closed","template":"templates\/full-width-page.php","meta":{"iawp_total_views":354,"footnotes":""},"class_list":["post-4182","page","type-page","status-publish","hentry","without-featured-image"],"aioseo_notices":[],"_links":{"self":[{"href":"https:\/\/maisondelaphilo-romainville.org\/index.php?rest_route=\/wp\/v2\/pages\/4182","targetHints":{"allow":["GET"]}}],"collection":[{"href":"https:\/\/maisondelaphilo-romainville.org\/index.php?rest_route=\/wp\/v2\/pages"}],"about":[{"href":"https:\/\/maisondelaphilo-romainville.org\/index.php?rest_route=\/wp\/v2\/types\/page"}],"author":[{"embeddable":true,"href":"https:\/\/maisondelaphilo-romainville.org\/index.php?rest_route=\/wp\/v2\/users\/1"}],"replies":[{"embeddable":true,"href":"https:\/\/maisondelaphilo-romainville.org\/index.php?rest_route=%2Fwp%2Fv2%2Fcomments&post=4182"}],"version-history":[{"count":5,"href":"https:\/\/maisondelaphilo-romainville.org\/index.php?rest_route=\/wp\/v2\/pages\/4182\/revisions"}],"predecessor-version":[{"id":6123,"href":"https:\/\/maisondelaphilo-romainville.org\/index.php?rest_route=\/wp\/v2\/pages\/4182\/revisions\/6123"}],"wp:attachment":[{"href":"https:\/\/maisondelaphilo-romainville.org\/index.php?rest_route=%2Fwp%2Fv2%2Fmedia&parent=4182"}],"curies":[{"name":"wp","href":"https:\/\/api.w.org\/{rel}","templated":true}]}}