{"id":4183,"date":"2023-09-07T13:39:58","date_gmt":"2023-09-07T11:39:58","guid":{"rendered":"https:\/\/maisondelaphiloromainvilledotorg.wordpress.com\/?page_id=4183"},"modified":"2025-09-04T11:32:24","modified_gmt":"2025-09-04T09:32:24","slug":"classes-idees-2","status":"publish","type":"page","link":"https:\/\/maisondelaphilo-romainville.org\/?page_id=4183","title":{"rendered":"classes id\u00e9es 2"},"content":{"rendered":"\n<p class=\"has-text-align-justify has-luminous-vivid-amber-background-color has-background\" style=\"font-size:25px\">Depuis plusieurs ann\u00e9es, la Maison de la Philo m\u00e8ne le dispositif&nbsp;<mark><strong>\u00ab Classes Id\u00e9es \u00bb<\/strong>,&nbsp;<strong>des ateliers philo en classe tout au long de l\u2019ann\u00e9e scolaire aupr\u00e8s des \u00e9coles de Romainville<\/strong><\/mark>. Les enfants peuvent ainsi s\u2019approprier la philosophie de mani\u00e8re approfondie&nbsp;!<\/p>\n\n\n\n<p><\/p>\n\n\n\n<figure class=\"wp-block-image size-full\"><img loading=\"lazy\" decoding=\"async\" width=\"1024\" height=\"682\" src=\"https:\/\/maisondelaphilo-romainville.org\/wp-content\/uploads\/2024\/09\/image.webp\" alt=\"\" class=\"wp-image-5692\" srcset=\"https:\/\/maisondelaphilo-romainville.org\/wp-content\/uploads\/2024\/09\/image.webp 1024w, https:\/\/maisondelaphilo-romainville.org\/wp-content\/uploads\/2024\/09\/image-300x200.webp 300w, https:\/\/maisondelaphilo-romainville.org\/wp-content\/uploads\/2024\/09\/image-768x512.webp 768w\" sizes=\"auto, (max-width: 1024px) 100vw, 1024px\" \/><\/figure>\n\n\n\n<p><\/p>\n\n\n\n<p class=\"has-text-align-justify has-luminous-vivid-amber-background-color has-background\" style=\"font-size:25px\">Les enseignants b\u00e9n\u00e9ficient aussi d\u2019une formation et d\u2019une ann\u00e9e d\u2019observation, afin de pouvoir s\u2019initier \u00e0 la pratique philosophique, et de la proposer ensuite les ann\u00e9es suivantes.<br>Ce dispositif a \u00e9t\u00e9 construit en partenariat avec l\u2019Education nationale et est propos\u00e9 en priorit\u00e9 aux \u00e9tablissements situ\u00e9s en R\u00e9seau d\u2019\u00e9ducation prioritaire et dans les quartiers &#8220;Politique de la Ville&#8221;.<\/p>\n\n\n\n<p><\/p>\n\n\n\n<figure class=\"wp-block-embed is-type-video is-provider-youtube wp-block-embed-youtube wp-embed-aspect-16-9 wp-has-aspect-ratio\"><div class=\"wp-block-embed__wrapper\">\n<iframe loading=\"lazy\" title=\"Classe Idees Famille octobre 2015\" width=\"825\" height=\"464\" src=\"https:\/\/www.youtube.com\/embed\/jrVQtvbpJEc?feature=oembed\" frameborder=\"0\" allow=\"accelerometer; autoplay; clipboard-write; encrypted-media; gyroscope; picture-in-picture; web-share\" allowfullscreen><\/iframe>\n<\/div><\/figure>\n\n\n\n<p><\/p>\n\n\n\n<p class=\"has-text-align-justify has-luminous-vivid-amber-background-color has-background\" style=\"font-size:25px\">De plus, la Maison de la Philo propose aux enseignant.e.s une formule d\u2019ateliers en classe : le dispositif&nbsp;<strong><mark>\u00abClasses Id\u00e9ecouvertes\u00bb<\/mark><\/strong>, un cycle de&nbsp;<strong><mark>7 ateliers philosophiques sur une p\u00e9riode de vacances \u00e0 vacances<\/mark><\/strong>. Les \u00abClasses Id\u00e9ecouvertes\u00bb peuvent \u00eatre l\u2019occasion d\u2019une<strong>&nbsp;<mark>initiation \u00e0 la philosophie avec les enfants,<\/mark><\/strong>&nbsp;<mark><strong>dont<\/strong>&nbsp;<strong>les th\u00e9matiques sont co-construites avec l\u2019enseignant\u00b7e<\/strong>.<\/mark><\/p>\n\n\n\n<blockquote class=\"instagram-media\" data-instgrm-captioned data-instgrm-permalink=\"https:\/\/www.instagram.com\/reel\/C00rBTWN7qH\/?utm_source=ig_embed&amp;utm_campaign=loading\" data-instgrm-version=\"14\" style=\" background:#FFF; border:0; border-radius:3px; box-shadow:0 0 1px 0 rgba(0,0,0,0.5),0 1px 10px 0 rgba(0,0,0,0.15); margin: 1px; max-width:540px; min-width:326px; padding:0; width:99.375%; width:-webkit-calc(100% - 2px); width:calc(100% - 2px);\"><div style=\"padding:16px;\"> <a href=\"https:\/\/www.instagram.com\/reel\/C00rBTWN7qH\/?utm_source=ig_embed&amp;utm_campaign=loading\" style=\" background:#FFFFFF; line-height:0; padding:0 0; text-align:center; text-decoration:none; width:100%;\" target=\"_blank\" rel=\"noopener\"> <div style=\" display: flex; flex-direction: row; align-items: center;\"> <div style=\"background-color: #F4F4F4; border-radius: 50%; flex-grow: 0; height: 40px; margin-right: 14px; width: 40px;\"><\/div> <div style=\"display: flex; flex-direction: column; flex-grow: 1; justify-content: center;\"> <div style=\" background-color: #F4F4F4; border-radius: 4px; flex-grow: 0; height: 14px; margin-bottom: 6px; width: 100px;\"><\/div> <div style=\" background-color: #F4F4F4; border-radius: 4px; flex-grow: 0; height: 14px; width: 60px;\"><\/div><\/div><\/div><div style=\"padding: 19% 0;\"><\/div> <div style=\"display:block; height:50px; margin:0 auto 12px; width:50px;\"><svg width=\"50px\" height=\"50px\" viewBox=\"0 0 60 60\" version=\"1.1\" xmlns=\"https:\/\/www.w3.org\/2000\/svg\" xmlns:xlink=\"https:\/\/www.w3.org\/1999\/xlink\"><g stroke=\"none\" stroke-width=\"1\" fill=\"none\" fill-rule=\"evenodd\"><g transform=\"translate(-511.000000, -20.000000)\" fill=\"#000000\"><g><path d=\"M556.869,30.41 C554.814,30.41 553.148,32.076 553.148,34.131 C553.148,36.186 554.814,37.852 556.869,37.852 C558.924,37.852 560.59,36.186 560.59,34.131 C560.59,32.076 558.924,30.41 556.869,30.41 M541,60.657 C535.114,60.657 530.342,55.887 530.342,50 C530.342,44.114 535.114,39.342 541,39.342 C546.887,39.342 551.658,44.114 551.658,50 C551.658,55.887 546.887,60.657 541,60.657 M541,33.886 C532.1,33.886 524.886,41.1 524.886,50 C524.886,58.899 532.1,66.113 541,66.113 C549.9,66.113 557.115,58.899 557.115,50 C557.115,41.1 549.9,33.886 541,33.886 M565.378,62.101 C565.244,65.022 564.756,66.606 564.346,67.663 C563.803,69.06 563.154,70.057 562.106,71.106 C561.058,72.155 560.06,72.803 558.662,73.347 C557.607,73.757 556.021,74.244 553.102,74.378 C549.944,74.521 548.997,74.552 541,74.552 C533.003,74.552 532.056,74.521 528.898,74.378 C525.979,74.244 524.393,73.757 523.338,73.347 C521.94,72.803 520.942,72.155 519.894,71.106 C518.846,70.057 518.197,69.06 517.654,67.663 C517.244,66.606 516.755,65.022 516.623,62.101 C516.479,58.943 516.448,57.996 516.448,50 C516.448,42.003 516.479,41.056 516.623,37.899 C516.755,34.978 517.244,33.391 517.654,32.338 C518.197,30.938 518.846,29.942 519.894,28.894 C520.942,27.846 521.94,27.196 523.338,26.654 C524.393,26.244 525.979,25.756 528.898,25.623 C532.057,25.479 533.004,25.448 541,25.448 C548.997,25.448 549.943,25.479 553.102,25.623 C556.021,25.756 557.607,26.244 558.662,26.654 C560.06,27.196 561.058,27.846 562.106,28.894 C563.154,29.942 563.803,30.938 564.346,32.338 C564.756,33.391 565.244,34.978 565.378,37.899 C565.522,41.056 565.552,42.003 565.552,50 C565.552,57.996 565.522,58.943 565.378,62.101 M570.82,37.631 C570.674,34.438 570.167,32.258 569.425,30.349 C568.659,28.377 567.633,26.702 565.965,25.035 C564.297,23.368 562.623,22.342 560.652,21.575 C558.743,20.834 556.562,20.326 553.369,20.18 C550.169,20.033 549.148,20 541,20 C532.853,20 531.831,20.033 528.631,20.18 C525.438,20.326 523.257,20.834 521.349,21.575 C519.376,22.342 517.703,23.368 516.035,25.035 C514.368,26.702 513.342,28.377 512.574,30.349 C511.834,32.258 511.326,34.438 511.181,37.631 C511.035,40.831 511,41.851 511,50 C511,58.147 511.035,59.17 511.181,62.369 C511.326,65.562 511.834,67.743 512.574,69.651 C513.342,71.625 514.368,73.296 516.035,74.965 C517.703,76.634 519.376,77.658 521.349,78.425 C523.257,79.167 525.438,79.673 528.631,79.82 C531.831,79.965 532.853,80.001 541,80.001 C549.148,80.001 550.169,79.965 553.369,79.82 C556.562,79.673 558.743,79.167 560.652,78.425 C562.623,77.658 564.297,76.634 565.965,74.965 C567.633,73.296 568.659,71.625 569.425,69.651 C570.167,67.743 570.674,65.562 570.82,62.369 C570.966,59.17 571,58.147 571,50 C571,41.851 570.966,40.831 570.82,37.631\"><\/path><\/g><\/g><\/g><\/svg><\/div><div style=\"padding-top: 8px;\"> <div style=\" color:#3897f0; font-family:Arial,sans-serif; font-size:14px; font-style:normal; font-weight:550; line-height:18px;\">Voir cette publication sur Instagram<\/div><\/div><div style=\"padding: 12.5% 0;\"><\/div> <div style=\"display: flex; flex-direction: row; margin-bottom: 14px; align-items: center;\"><div> <div style=\"background-color: #F4F4F4; border-radius: 50%; height: 12.5px; width: 12.5px; transform: translateX(0px) translateY(7px);\"><\/div> <div style=\"background-color: #F4F4F4; height: 12.5px; transform: rotate(-45deg) translateX(3px) translateY(1px); width: 12.5px; flex-grow: 0; margin-right: 14px; margin-left: 2px;\"><\/div> <div style=\"background-color: #F4F4F4; border-radius: 50%; height: 12.5px; width: 12.5px; transform: translateX(9px) translateY(-18px);\"><\/div><\/div><div style=\"margin-left: 8px;\"> <div style=\" background-color: #F4F4F4; border-radius: 50%; flex-grow: 0; height: 20px; width: 20px;\"><\/div> <div style=\" width: 0; height: 0; border-top: 2px solid transparent; border-left: 6px solid #f4f4f4; border-bottom: 2px solid transparent; transform: translateX(16px) translateY(-4px) rotate(30deg)\"><\/div><\/div><div style=\"margin-left: auto;\"> <div style=\" width: 0px; border-top: 8px solid #F4F4F4; border-right: 8px solid transparent; transform: translateY(16px);\"><\/div> <div style=\" background-color: #F4F4F4; flex-grow: 0; height: 12px; width: 16px; transform: translateY(-4px);\"><\/div> <div style=\" width: 0; height: 0; border-top: 8px solid #F4F4F4; border-left: 8px solid transparent; transform: translateY(-4px) translateX(8px);\"><\/div><\/div><\/div> <div style=\"display: flex; flex-direction: column; flex-grow: 1; justify-content: center; margin-bottom: 24px;\"> <div style=\" background-color: #F4F4F4; border-radius: 4px; flex-grow: 0; height: 14px; margin-bottom: 6px; width: 224px;\"><\/div> <div style=\" background-color: #F4F4F4; border-radius: 4px; flex-grow: 0; height: 14px; width: 144px;\"><\/div><\/div><\/a><p style=\" color:#c9c8cd; font-family:Arial,sans-serif; font-size:14px; line-height:17px; margin-bottom:0; margin-top:8px; overflow:hidden; padding:8px 0 7px; text-align:center; text-overflow:ellipsis; white-space:nowrap;\"><a href=\"https:\/\/www.instagram.com\/reel\/C00rBTWN7qH\/?utm_source=ig_embed&amp;utm_campaign=loading\" style=\" color:#c9c8cd; font-family:Arial,sans-serif; font-size:14px; font-style:normal; font-weight:normal; line-height:17px; text-decoration:none;\" target=\"_blank\" rel=\"noopener\">Une publication partag\u00e9e par La Maison de la Philo &#8211; Romainville (@maisondelaphilo93230)<\/a><\/p><\/div><\/blockquote> <script async src=\"\/\/www.instagram.com\/embed.js\"><\/script>\n\n\n\n<ul class=\"wp-block-list\">\n<li class=\"has-large-font-size\"><strong>Dispositif ouvert&nbsp;\u00e0 tous les enseignant.e.s volontaires des \u00e9tablissements scolaires de la ville de Romainville, allant de la grande section de maternelle \u00e0 la classe de 3e.<\/strong>&nbsp;<img decoding=\"async\" src=\"https:\/\/s0.wp.com\/wp-content\/mu-plugins\/wpcom-smileys\/twemoji\/2\/svg\/1f469-200d-1f3eb.svg\" alt=\"\ud83d\udc69\u200d\ud83c\udfeb\" style=\"width: 17px\"><img decoding=\"async\" src=\"https:\/\/s0.wp.com\/wp-content\/mu-plugins\/wpcom-smileys\/twemoji\/2\/svg\/1f468-200d-1f3eb.svg\" alt=\"\ud83d\udc68\u200d\ud83c\udfeb\" style=\"width: 17px\"><\/li>\n\n\n\n<li class=\"has-large-font-size\"><strong>3 formules au choix :<\/strong>\n<ul class=\"wp-block-list\">\n<li><strong>\u00ab&nbsp;Classes Id\u00e9es&nbsp;\u00bb : 20 s\u00e9ances par an (avec possibilit\u00e9, pour l\u2019enseignant.e, d\u2019\u00eatre form\u00e9 \u00e0 la pratique philosophique)<\/strong><\/li>\n\n\n\n<li><strong>\u00ab<\/strong> <strong>Classes Id\u00e9eXploration <strong>\u00bb<\/strong> : 14 s\u00e9ances sur 2 p\u00e9riodes <\/strong><\/li>\n\n\n\n<li><strong>\u00ab&nbsp;Classes Id\u00e9ecouvertes&nbsp;\u00bb : 7 s\u00e9ances (sur des p\u00e9riodes allant de vacances \u00e0 vacances)<\/strong><\/li>\n<\/ul>\n<\/li>\n\n\n\n<li class=\"has-large-font-size\"><strong>Une centaine d\u2019\u00e9l\u00e8ves initi\u00e9.e.s \u00e0 la philosophie tous les ans !<\/strong><\/li>\n<\/ul>\n","protected":false},"excerpt":{"rendered":"<p>Depuis plusieurs ann\u00e9es, la Maison de la Philo m\u00e8ne le dispositif&nbsp;\u00ab Classes Id\u00e9es \u00bb,&nbsp;des ateliers philo en classe tout au long de l\u2019ann\u00e9e scolaire aupr\u00e8s des \u00e9coles de Romainville. Les enfants peuvent ainsi s\u2019approprier la philosophie de mani\u00e8re approfondie&nbsp;! Les enseignants b\u00e9n\u00e9ficient aussi d\u2019une formation et d\u2019une ann\u00e9e d\u2019observation, afin de pouvoir s\u2019initier \u00e0 la&hellip; <a href=\"https:\/\/maisondelaphilo-romainville.org\/?page_id=4183\" class=\"more-link\">Continue reading <span class=\"screen-reader-text\">classes id\u00e9es 2<\/span><\/a><\/p>\n","protected":false},"author":1,"featured_media":0,"parent":0,"menu_order":0,"comment_status":"closed","ping_status":"closed","template":"templates\/full-width-page.php","meta":{"iawp_total_views":252,"footnotes":""},"class_list":["post-4183","page","type-page","status-publish","hentry","without-featured-image"],"aioseo_notices":[],"_links":{"self":[{"href":"https:\/\/maisondelaphilo-romainville.org\/index.php?rest_route=\/wp\/v2\/pages\/4183","targetHints":{"allow":["GET"]}}],"collection":[{"href":"https:\/\/maisondelaphilo-romainville.org\/index.php?rest_route=\/wp\/v2\/pages"}],"about":[{"href":"https:\/\/maisondelaphilo-romainville.org\/index.php?rest_route=\/wp\/v2\/types\/page"}],"author":[{"embeddable":true,"href":"https:\/\/maisondelaphilo-romainville.org\/index.php?rest_route=\/wp\/v2\/users\/1"}],"replies":[{"embeddable":true,"href":"https:\/\/maisondelaphilo-romainville.org\/index.php?rest_route=%2Fwp%2Fv2%2Fcomments&post=4183"}],"version-history":[{"count":4,"href":"https:\/\/maisondelaphilo-romainville.org\/index.php?rest_route=\/wp\/v2\/pages\/4183\/revisions"}],"predecessor-version":[{"id":6241,"href":"https:\/\/maisondelaphilo-romainville.org\/index.php?rest_route=\/wp\/v2\/pages\/4183\/revisions\/6241"}],"wp:attachment":[{"href":"https:\/\/maisondelaphilo-romainville.org\/index.php?rest_route=%2Fwp%2Fv2%2Fmedia&parent=4183"}],"curies":[{"name":"wp","href":"https:\/\/api.w.org\/{rel}","templated":true}]}}