{"id":5401,"date":"2024-07-10T15:43:05","date_gmt":"2024-07-10T13:43:05","guid":{"rendered":"https:\/\/maisondelaphilo-romainville.org\/?page_id=5401"},"modified":"2024-10-30T16:12:31","modified_gmt":"2024-10-30T15:12:31","slug":"politique-de-confidentialite-2","status":"publish","type":"page","link":"https:\/\/maisondelaphilo-romainville.org\/?page_id=5401","title":{"rendered":"Politique de confidentialit\u00e9"},"content":{"rendered":"\n<p>Maisondelaphilo-romainville.org<\/p>\n\n\n\n<p>ARTICLE 1 : PR\u00c9AMBULE<\/p>\n\n\n\n<p>La pr\u00e9sente politique de confidentialit\u00e9 a pour but d\u2019informer les utilisateurs du site :<\/p>\n\n\n\n<p>\u00b7 Sur la mani\u00e8re dont sont collect\u00e9es leurs donn\u00e9es personnelles. Sont consid\u00e9r\u00e9es comme des donn\u00e9es personnelles, toute information permettant d\u2019identifier un utilisateur. A ce titre, il peut s\u2019agir : de ses noms et pr\u00e9noms, de son \u00e2ge, de son adresse postale ou email, de sa localisation ou encore de son adresse IP (liste non-exhaustive) ;<\/p>\n\n\n\n<p>\u00b7 Sur les droits dont ils disposent concernant ces donn\u00e9es ;<\/p>\n\n\n\n<p>\u00b7 Sur la personne responsable du traitement des donn\u00e9es \u00e0 caract\u00e8re personnel collect\u00e9es et trait\u00e9es ;<\/p>\n\n\n\n<p>\u00b7 Sur les destinataires de ces donn\u00e9es personnelles ;<\/p>\n\n\n\n<p>\u00b7 Sur la politique du site en mati\u00e8re de cookies.<\/p>\n\n\n\n<p>Cette politique compl\u00e8te les mentions l\u00e9gales et les Conditions G\u00e9n\u00e9rales d\u2019Utilisation consultables par les utilisateurs \u00e0 l\u2019adresse suivante :<\/p>\n\n\n\n<p><a href=\"https:\/\/maisondelaphilo-romainville.org\/?page_id=5402\">https:\/\/maisondelaphilo-romainville.org\/?page_id=5402<\/a><\/p>\n\n\n\n<p>ARTICLE 2 : PRINCIPES RELATIFS \u00c0 LA COLLECTE ET AU TRAITEMENT DES DONN\u00c9ES PERSONNELLES<\/p>\n\n\n\n<p>Conform\u00e9ment \u00e0 l\u2019article 5 du R\u00e8glement europ\u00e9en 2016\/679, les donn\u00e9es \u00e0 caract\u00e8re personnel sont :<\/p>\n\n\n\n<p>\u00b7 Trait\u00e9es de mani\u00e8re licite, loyale et transparente au regard de la personne concern\u00e9e ;<\/p>\n\n\n\n<p>\u00b7 Collect\u00e9es pour des finalit\u00e9s d\u00e9termin\u00e9es (cf. Article 3.1 des pr\u00e9sentes), explicites et l\u00e9gitimes, et ne pas \u00eatre trait\u00e9es ult\u00e9rieurement d&#8217;une mani\u00e8re incompatible avec ces finalit\u00e9s ;<\/p>\n\n\n\n<p>\u00b7 Ad\u00e9quates, pertinentes et limit\u00e9es \u00e0 ce qui est n\u00e9cessaire au regard des finalit\u00e9s pour lesquelles elles sont trait\u00e9es ;<\/p>\n\n\n\n<p>\u00b7 Exactes et, si n\u00e9cessaire, tenues \u00e0 jour. Toutes les mesures raisonnables doivent \u00eatre prises pour que les donn\u00e9es \u00e0 caract\u00e8re personnel qui sont inexactes, eu \u00e9gard aux finalit\u00e9s pour lesquelles elles sont trait\u00e9es, soient effac\u00e9es ou rectifi\u00e9es sans tarder ;<\/p>\n\n\n\n<p>\u00b7 Conserv\u00e9es sous une forme permettant l&#8217;identification des personnes concern\u00e9es pendant une dur\u00e9e n&#8217;exc\u00e9dant pas celle n\u00e9cessaire au regard des finalit\u00e9s pour lesquelles elles sont trait\u00e9es ;<\/p>\n\n\n\n<p>\u00b7 Trait\u00e9es de fa\u00e7on \u00e0 garantir une s\u00e9curit\u00e9 appropri\u00e9e des donn\u00e9es collect\u00e9es, y compris la protection contre le traitement non autoris\u00e9 ou illicite et contre la perte, la destruction ou les d\u00e9g\u00e2ts d&#8217;origine accidentelle, \u00e0 l&#8217;aide de mesures techniques ou organisationnelles appropri\u00e9es. Mod\u00e8le r\u00e9alis\u00e9 sur LegalPlace.fr<\/p>\n\n\n\n<p>Le traitement n&#8217;est licite que si, et dans la mesure o\u00f9, au moins une des conditions suivantes est remplie :<\/p>\n\n\n\n<p>\u00b7 La personne concern\u00e9e a consenti au traitement de ses donn\u00e9es \u00e0 caract\u00e8re personnel pour une ou plusieurs finalit\u00e9s sp\u00e9cifiques ;<\/p>\n\n\n\n<p>\u00b7 Le traitement est n\u00e9cessaire \u00e0 l&#8217;ex\u00e9cution d&#8217;un contrat auquel la personne concern\u00e9e est partie ou \u00e0 l&#8217;ex\u00e9cution de mesures pr\u00e9contractuelles prises \u00e0 la demande de celle-ci ;<\/p>\n\n\n\n<p>\u00b7 Le traitement est n\u00e9cessaire au respect d&#8217;une obligation l\u00e9gale \u00e0 laquelle le responsable du traitement est soumis ;<\/p>\n\n\n\n<p>\u00b7 Le traitement est n\u00e9cessaire \u00e0 la sauvegarde des int\u00e9r\u00eats vitaux de la personne concern\u00e9e ou d&#8217;une autre personne physique ;<\/p>\n\n\n\n<p>\u00b7 Le traitement est n\u00e9cessaire \u00e0 l&#8217;ex\u00e9cution d&#8217;une mission d&#8217;int\u00e9r\u00eat public ou relevant de l&#8217;exercice de l&#8217;autorit\u00e9 publique dont est investi le responsable du traitement ;<\/p>\n\n\n\n<p>\u00b7 Le traitement est n\u00e9cessaire aux fins des int\u00e9r\u00eats l\u00e9gitimes poursuivis par le responsable du traitement ou par un tiers, \u00e0 moins que ne pr\u00e9valent les int\u00e9r\u00eats ou les libert\u00e9s et droits fondamentaux de la personne concern\u00e9e qui exigent une protection des donn\u00e9es \u00e0 caract\u00e8re personnel, notamment lorsque la personne concern\u00e9e est un enfant.<\/p>\n\n\n\n<p>ARTICLE 3 : DONN\u00c9ES \u00c0 CARACT\u00c8RE PERSONNEL COLLECT\u00c9ES ET TRAIT\u00c9ES DANS LE CADRE DE LA NAVIGATION SUR LE SITE<\/p>\n\n\n\n<p>Article 3.1 : Donn\u00e9es collect\u00e9es<\/p>\n\n\n\n<p>Les donn\u00e9es personnelles collect\u00e9es dans le cadre de notre activit\u00e9 sont les suivantes :<\/p>\n\n\n\n<ul class=\"wp-block-list\">\n<li>adresses mail des personnes s&#8217;inscrivant \u00e0 la newsletter<\/li>\n\n\n\n<li>Noms, pr\u00e9noms, adresses mails et adresses postales des personnes souhaitant s&#8217;inscrire aux activit\u00e9s en passant par le formulaire d&#8217;inscription<\/li>\n<\/ul>\n\n\n\n<p>La collecte et le traitement de ces donn\u00e9es r\u00e9pond \u00e0 la (aux) finalit\u00e9(s) suivante(s) :<\/p>\n\n\n\n<ul class=\"wp-block-list\">\n<li>Contacter les usagers de la structure \u00e0 des fins d&#8217;information<\/li>\n<\/ul>\n\n\n\n<p>Article 3.2 : Mode de collecte des donn\u00e9es<\/p>\n\n\n\n<p>Lorsque vous utilisez notre site, sont automatiquement collect\u00e9es les donn\u00e9es suivantes :<\/p>\n\n\n\n<ul class=\"wp-block-list\">\n<li>Cookies \u00e0 des fins d&#8217;analyses statistiques. Les donn\u00e9es sont parfaitement anonymes.<\/li>\n<\/ul>\n\n\n\n<p>D\u2019autres donn\u00e9es personnelles sont collect\u00e9es lorsque vous effectuez les op\u00e9rations suivantes sur la plateforme :<\/p>\n\n\n\n<ul class=\"wp-block-list\">\n<li>Noms, pr\u00e9noms, adresses mails et adresses postales des personnes souhaitant s&#8217;inscrire aux activit\u00e9s en passant par le formulaire d&#8217;inscription<\/li>\n<\/ul>\n\n\n\n<p>Elles sont conserv\u00e9es par le responsable du traitement dans des conditions raisonnables de s\u00e9curit\u00e9, pour une dur\u00e9e de : 12 mois<\/p>\n\n\n\n<p>La soci\u00e9t\u00e9 est susceptible de conserver certaines donn\u00e9es \u00e0 caract\u00e8re personnel au-del\u00e0 des d\u00e9lais annonc\u00e9s ci-dessus afin de remplir ses obligations l\u00e9gales ou r\u00e9glementaires.<\/p>\n\n\n\n<p>Article 3.3 : H\u00e9bergement des donn\u00e9es<\/p>\n\n\n\n<p>Le site maisondelaphilo-romainville.org est h\u00e9berg\u00e9 par :<\/p>\n\n\n\n<p>Hostinger International Ltd, <br>61 Lordou Vironos str. 6023 Larnaca, Chypre.<\/p>\n\n\n\n<p>ARTICLE 4 : RESPONSABLE DU TRAITEMENT DES DONN\u00c9ES ET D\u00c9L\u00c9GU\u00c9 \u00c0 LA PROTECTION DES DONN\u00c9ES<\/p>\n\n\n\n<p>Article 4.1 : Le responsable du traitement des donn\u00e9es<\/p>\n\n\n\n<p>Les donn\u00e9es \u00e0 caract\u00e8re personnelles sont collect\u00e9es par la Maison de la Philo, service de la ville de Romainville.<\/p>\n\n\n\n<p>Le responsable du traitement des donn\u00e9es \u00e0 caract\u00e8re personnel peut \u00eatre contact\u00e9 de la mani\u00e8re suivante :<\/p>\n\n\n\n<p>Par courrier \u00e0 l\u2019adresse :  28 Avenue Paul Vaillant Couturier, 93230, Romainville ;<\/p>\n\n\n\n<p>Par t\u00e9l\u00e9phone, au 01 71 86 60 20 ;<\/p>\n\n\n\n<p>Par mail : maisondelaphilo@ville-romainville.fr<\/p>\n\n\n\n<p>ARTICLE 5 : LES DROITS DE L\u2019UTILISATEUR EN MATI\u00c8RE DE COLLECTE ET DE TRAITEMENT DES DONN\u00c9ES<\/p>\n\n\n\n<p>Tout utilisateur concern\u00e9 par le traitement de ses donn\u00e9es personnelles peut se pr\u00e9valoir des droits suivants, en application du r\u00e8glement europ\u00e9en 2016\/679 et de la Loi Informatique et Libert\u00e9 (Loi 78-17 du 6 janvier 1978) :<\/p>\n\n\n\n<p>\u00b7 Droit d\u2019acc\u00e8s, de rectification et droit \u00e0 l\u2019effacement des donn\u00e9es (pos\u00e9s respectivement aux articles 15, 16 et 17 du RGPD) ;<\/p>\n\n\n\n<p>\u00b7 Droit \u00e0 la portabilit\u00e9 des donn\u00e9es (article 20 du RGPD) ;<\/p>\n\n\n\n<p>\u00b7 Droit \u00e0 la limitation (article 18 du RGPD) et \u00e0 l\u2019opposition du traitement des donn\u00e9es (article 21 du RGPD) ;<\/p>\n\n\n\n<p>\u00b7 Droit de ne pas faire l\u2019objet d\u2019une d\u00e9cision fond\u00e9e exclusivement sur un proc\u00e9d\u00e9 automatis\u00e9 ;<\/p>\n\n\n\n<p>\u00b7 Droit de d\u00e9terminer le sort des donn\u00e9es apr\u00e8s la mort ;<\/p>\n\n\n\n<p>\u00b7 Droit de saisir l\u2019autorit\u00e9 de contr\u00f4le comp\u00e9tente (article 77 du RGPD).<\/p>\n\n\n\n<p>Pour exercer vos droits, veuillez adresser votre courrier \u00e0 La Maison de la Philo ou par mail \u00e0 maisondelaphilo@ville-romainville.fr<\/p>\n\n\n\n<p>Afin que le responsable du traitement des donn\u00e9es puisse faire droit \u00e0 sa demande, l\u2019utilisateur peut \u00eatre tenu de lui communiquer certaines informations telles que : ses noms et pr\u00e9noms, son adresse e-mail ainsi que son num\u00e9ro de compte, d\u2019espace personnel ou d\u2019abonn\u00e9.<\/p>\n\n\n\n<p>Consultez le site cnil.fr pour plus d\u2019informations sur vos droits.<\/p>\n\n\n\n<p>ARTICLE 6 : CONDITIONS DE MODIFICATION DE LA POLITIQUE DE CONFIDENTIALIT\u00c9<\/p>\n\n\n\n<p>L\u2019\u00e9diteur du site maisondelaphilo-romainville.org se r\u00e9serve le droit de pouvoir modifier la pr\u00e9sente Politique \u00e0 tout moment afin d\u2019assurer aux utilisateurs du site sa conformit\u00e9 avec le droit en vigueur.<\/p>\n\n\n\n<p>Les \u00e9ventuelles modifications ne sauraient avoir d\u2019incidence sur les achats ant\u00e9rieurement effectu\u00e9s sur le site, lesquels restent soumis \u00e0 la Politique en vigueur au moment de l\u2019achat et telle qu\u2019accept\u00e9e par l\u2019utilisateur lors de la validation de l\u2019achat.<\/p>\n\n\n\n<p>L\u2019utilisateur est invit\u00e9 \u00e0 prendre connaissance de cette Politique \u00e0 chaque fois qu\u2019il utilise nos services, sans qu\u2019il soit n\u00e9cessaire de l\u2019en pr\u00e9venir formellement.<\/p>\n\n\n\n<p>La pr\u00e9sente politique a \u00e9t\u00e9 \u00e9dit\u00e9e le 10 Juillet 2024..<\/p>\n","protected":false},"excerpt":{"rendered":"<p>Maisondelaphilo-romainville.org ARTICLE 1 : PR\u00c9AMBULE La pr\u00e9sente politique de confidentialit\u00e9 a pour but d\u2019informer les utilisateurs du site : \u00b7 Sur la mani\u00e8re dont sont collect\u00e9es leurs donn\u00e9es personnelles. Sont consid\u00e9r\u00e9es comme des donn\u00e9es personnelles, toute information permettant d\u2019identifier un utilisateur. A ce titre, il peut s\u2019agir : de ses noms et pr\u00e9noms, de son&hellip; <a href=\"https:\/\/maisondelaphilo-romainville.org\/?page_id=5401\" class=\"more-link\">Continue reading <span class=\"screen-reader-text\">Politique de confidentialit\u00e9<\/span><\/a><\/p>\n","protected":false},"author":1,"featured_media":0,"parent":0,"menu_order":0,"comment_status":"closed","ping_status":"closed","template":"","meta":{"iawp_total_views":38,"footnotes":""},"class_list":["post-5401","page","type-page","status-publish","hentry","without-featured-image"],"aioseo_notices":[],"_links":{"self":[{"href":"https:\/\/maisondelaphilo-romainville.org\/index.php?rest_route=\/wp\/v2\/pages\/5401","targetHints":{"allow":["GET"]}}],"collection":[{"href":"https:\/\/maisondelaphilo-romainville.org\/index.php?rest_route=\/wp\/v2\/pages"}],"about":[{"href":"https:\/\/maisondelaphilo-romainville.org\/index.php?rest_route=\/wp\/v2\/types\/page"}],"author":[{"embeddable":true,"href":"https:\/\/maisondelaphilo-romainville.org\/index.php?rest_route=\/wp\/v2\/users\/1"}],"replies":[{"embeddable":true,"href":"https:\/\/maisondelaphilo-romainville.org\/index.php?rest_route=%2Fwp%2Fv2%2Fcomments&post=5401"}],"version-history":[{"count":2,"href":"https:\/\/maisondelaphilo-romainville.org\/index.php?rest_route=\/wp\/v2\/pages\/5401\/revisions"}],"predecessor-version":[{"id":5407,"href":"https:\/\/maisondelaphilo-romainville.org\/index.php?rest_route=\/wp\/v2\/pages\/5401\/revisions\/5407"}],"wp:attachment":[{"href":"https:\/\/maisondelaphilo-romainville.org\/index.php?rest_route=%2Fwp%2Fv2%2Fmedia&parent=5401"}],"curies":[{"name":"wp","href":"https:\/\/api.w.org\/{rel}","templated":true}]}}