{"id":5978,"date":"2024-12-12T16:00:59","date_gmt":"2024-12-12T15:00:59","guid":{"rendered":"https:\/\/maisondelaphilo-romainville.org\/?page_id=5978"},"modified":"2024-12-12T16:05:35","modified_gmt":"2024-12-12T15:05:35","slug":"colleges","status":"publish","type":"page","link":"https:\/\/maisondelaphilo-romainville.org\/?page_id=5978","title":{"rendered":"Coll\u00e8ges"},"content":{"rendered":"\n<p class=\"has-medium-font-size\">La Maison de la Philo est pr\u00e9sente <strong>dans les coll\u00e8ges de Romainville<\/strong>, afin de proposer des activit\u00e9s aux adolescent.e.s.<\/p>\n\n\n\n<div style=\"height:45px\" aria-hidden=\"true\" class=\"wp-block-spacer\"><\/div>\n\n\n<div class=\"wp-block-image is-style-rounded\">\n<figure class=\"aligncenter size-large is-resized\"><img loading=\"lazy\" decoding=\"async\" width=\"1122\" height=\"748\" src=\"https:\/\/maisondelaphilo-romainville.org\/wp-content\/uploads\/2024\/12\/Colleges-Houel-et-Courbet-edited.png\" alt=\"\" class=\"wp-image-5980\" style=\"width:478px;height:auto\" srcset=\"https:\/\/maisondelaphilo-romainville.org\/wp-content\/uploads\/2024\/12\/Colleges-Houel-et-Courbet-edited.png 1122w, https:\/\/maisondelaphilo-romainville.org\/wp-content\/uploads\/2024\/12\/Colleges-Houel-et-Courbet-edited-300x200.png 300w, https:\/\/maisondelaphilo-romainville.org\/wp-content\/uploads\/2024\/12\/Colleges-Houel-et-Courbet-edited-1024x683.png 1024w, https:\/\/maisondelaphilo-romainville.org\/wp-content\/uploads\/2024\/12\/Colleges-Houel-et-Courbet-edited-768x512.png 768w\" sizes=\"auto, (max-width: 1122px) 100vw, 1122px\" \/><\/figure><\/div>\n\n\n<div style=\"height:70px\" aria-hidden=\"true\" class=\"wp-block-spacer\"><\/div>\n\n\n\n<p class=\"has-medium-font-size\">Les <strong><mark style=\"background-color:rgba(0, 0, 0, 0)\" class=\"has-inline-color has-vivid-green-cyan-color\">Club Philo<\/mark><\/strong> r\u00e9unit les coll\u00e9gien.nes qui le souhaitent pour <strong>une discussion, un jeu, un \u00e9change philosophiques<\/strong> au moment de la pause m\u00e9ridienne. Une mani\u00e8re d&#8217;aborder la philosophie de fa\u00e7on d\u00e9tendue et ludique, et de partager ses id\u00e9es sur des sujets qui nous concernent tous.tes ! <\/p>\n\n\n\n<p class=\"has-medium-font-size\"><strong>Le Mardi de 12h30 \u00e0 13h30 au coll\u00e8ge Courbet<br>Le Vendredi de 11h45 \u00e0 13h30 au coll\u00e8ge Hou\u00ebl<\/strong><\/p>\n\n\n\n<div style=\"height:60px\" aria-hidden=\"true\" class=\"wp-block-spacer\"><\/div>\n\n\n\n<figure class=\"wp-block-gallery has-nested-images columns-default is-cropped wp-block-gallery-1 is-layout-flex wp-block-gallery-is-layout-flex\">\n<figure class=\"wp-block-image size-large\"><img loading=\"lazy\" decoding=\"async\" width=\"1024\" height=\"577\" data-id=\"5987\" src=\"https:\/\/maisondelaphilo-romainville.org\/wp-content\/uploads\/2024\/12\/20241105_114920-1024x577.jpg\" alt=\"\" class=\"wp-image-5987\" srcset=\"https:\/\/maisondelaphilo-romainville.org\/wp-content\/uploads\/2024\/12\/20241105_114920-1024x577.jpg 1024w, https:\/\/maisondelaphilo-romainville.org\/wp-content\/uploads\/2024\/12\/20241105_114920-300x169.jpg 300w, https:\/\/maisondelaphilo-romainville.org\/wp-content\/uploads\/2024\/12\/20241105_114920-768x432.jpg 768w, https:\/\/maisondelaphilo-romainville.org\/wp-content\/uploads\/2024\/12\/20241105_114920-1536x865.jpg 1536w, https:\/\/maisondelaphilo-romainville.org\/wp-content\/uploads\/2024\/12\/20241105_114920-2048x1153.jpg 2048w\" sizes=\"auto, (max-width: 1024px) 100vw, 1024px\" \/><\/figure>\n\n\n\n<figure class=\"wp-block-image size-large\"><img loading=\"lazy\" decoding=\"async\" width=\"1024\" height=\"577\" data-id=\"5985\" src=\"https:\/\/maisondelaphilo-romainville.org\/wp-content\/uploads\/2024\/12\/20241108_112822-1024x577.jpg\" alt=\"\" class=\"wp-image-5985\" srcset=\"https:\/\/maisondelaphilo-romainville.org\/wp-content\/uploads\/2024\/12\/20241108_112822-1024x577.jpg 1024w, https:\/\/maisondelaphilo-romainville.org\/wp-content\/uploads\/2024\/12\/20241108_112822-300x169.jpg 300w, https:\/\/maisondelaphilo-romainville.org\/wp-content\/uploads\/2024\/12\/20241108_112822-768x432.jpg 768w, https:\/\/maisondelaphilo-romainville.org\/wp-content\/uploads\/2024\/12\/20241108_112822-1536x865.jpg 1536w, https:\/\/maisondelaphilo-romainville.org\/wp-content\/uploads\/2024\/12\/20241108_112822-2048x1153.jpg 2048w\" sizes=\"auto, (max-width: 1024px) 100vw, 1024px\" \/><\/figure>\n\n\n\n<figure class=\"wp-block-image size-large\"><img loading=\"lazy\" decoding=\"async\" width=\"1024\" height=\"577\" data-id=\"5986\" src=\"https:\/\/maisondelaphilo-romainville.org\/wp-content\/uploads\/2024\/12\/20241206_112902-1024x577.jpg\" alt=\"\" class=\"wp-image-5986\" srcset=\"https:\/\/maisondelaphilo-romainville.org\/wp-content\/uploads\/2024\/12\/20241206_112902-1024x577.jpg 1024w, https:\/\/maisondelaphilo-romainville.org\/wp-content\/uploads\/2024\/12\/20241206_112902-300x169.jpg 300w, https:\/\/maisondelaphilo-romainville.org\/wp-content\/uploads\/2024\/12\/20241206_112902-768x432.jpg 768w, https:\/\/maisondelaphilo-romainville.org\/wp-content\/uploads\/2024\/12\/20241206_112902-1536x865.jpg 1536w, https:\/\/maisondelaphilo-romainville.org\/wp-content\/uploads\/2024\/12\/20241206_112902-2048x1153.jpg 2048w\" sizes=\"auto, (max-width: 1024px) 100vw, 1024px\" \/><\/figure>\n<\/figure>\n\n\n\n<div style=\"height:60px\" aria-hidden=\"true\" class=\"wp-block-spacer\"><\/div>\n\n\n\n<p class=\"has-medium-font-size\">La Maison de la Philo intervient aussi pour des projets ponctuels tout au long de l&#8217;ann\u00e9e en collaboration avec les enseignants des coll\u00e8ges de la ville.<\/p>\n\n\n\n<p><\/p>\n","protected":false},"excerpt":{"rendered":"<p>La Maison de la Philo est pr\u00e9sente dans les coll\u00e8ges de Romainville, afin de proposer des activit\u00e9s aux adolescent.e.s. Les Club Philo r\u00e9unit les coll\u00e9gien.nes qui le souhaitent pour une discussion, un jeu, un \u00e9change philosophiques au moment de la pause m\u00e9ridienne. Une mani\u00e8re d&#8217;aborder la philosophie de fa\u00e7on d\u00e9tendue et ludique, et de partager&hellip; <a href=\"https:\/\/maisondelaphilo-romainville.org\/?page_id=5978\" class=\"more-link\">Continue reading <span class=\"screen-reader-text\">Coll\u00e8ges<\/span><\/a><\/p>\n","protected":false},"author":1,"featured_media":0,"parent":0,"menu_order":0,"comment_status":"closed","ping_status":"closed","template":"","meta":{"iawp_total_views":35,"footnotes":""},"class_list":["post-5978","page","type-page","status-publish","hentry","without-featured-image"],"aioseo_notices":[],"_links":{"self":[{"href":"https:\/\/maisondelaphilo-romainville.org\/index.php?rest_route=\/wp\/v2\/pages\/5978","targetHints":{"allow":["GET"]}}],"collection":[{"href":"https:\/\/maisondelaphilo-romainville.org\/index.php?rest_route=\/wp\/v2\/pages"}],"about":[{"href":"https:\/\/maisondelaphilo-romainville.org\/index.php?rest_route=\/wp\/v2\/types\/page"}],"author":[{"embeddable":true,"href":"https:\/\/maisondelaphilo-romainville.org\/index.php?rest_route=\/wp\/v2\/users\/1"}],"replies":[{"embeddable":true,"href":"https:\/\/maisondelaphilo-romainville.org\/index.php?rest_route=%2Fwp%2Fv2%2Fcomments&post=5978"}],"version-history":[{"count":7,"href":"https:\/\/maisondelaphilo-romainville.org\/index.php?rest_route=\/wp\/v2\/pages\/5978\/revisions"}],"predecessor-version":[{"id":5992,"href":"https:\/\/maisondelaphilo-romainville.org\/index.php?rest_route=\/wp\/v2\/pages\/5978\/revisions\/5992"}],"wp:attachment":[{"href":"https:\/\/maisondelaphilo-romainville.org\/index.php?rest_route=%2Fwp%2Fv2%2Fmedia&parent=5978"}],"curies":[{"name":"wp","href":"https:\/\/api.w.org\/{rel}","templated":true}]}}